{"id":467,"date":"2021-06-04T11:50:19","date_gmt":"2021-06-04T16:50:19","guid":{"rendered":"http:\/\/imcoleccion.com\/?post_type=product&#038;p=467"},"modified":"2022-02-11T10:37:15","modified_gmt":"2022-02-11T16:37:15","slug":"ligas-de-entrenamiento-imcoleccion","status":"publish","type":"product","link":"https:\/\/imcoleccion.com\/en\/product\/ligas-de-entrenamiento-imcoleccion\/","title":{"rendered":"Ligas de entrenamiento IMCOLECCION con Manual de entrenamiento en videos por Ismael Martinez"},"content":{"rendered":"<p>**Despu\u00e9s de tu compra, recibir\u00e1s un correo donde podr\u00e1s descargar el manual de rutinas, accede a la liga &#8220;Rutinas para ligas&#8221;.<\/p>\n<p>Estas ligas est\u00e1n compuestas de diferentes resistencias y accesorios para que puedas entrenar cada m\u00fasculo del cuerpo de una manera aislada y en cualquier lugar, usando diferentes resistencias, en la compra de las ligas tendr\u00e1s una gu\u00eda de rutinas en video de cada grupo muscular de todo el cuerpo, hecha por el mejor Culturista de M\u00e9xico.<br \/>\nIsmael Mart\u00ednez as\u00ed que no dejes de entrenar y entrena de la mano con un profesional.<\/p>\n<p>El kit incluye:<\/p>\n<p>-manual de entrenamiento en videos de cada grupo muscular hecho por Ismael Martinez<br \/>\n-Banda de resistencia<br \/>\n20lbs, 25lbs, 30lbs, 35lbs, 40lbs<br \/>\n-Agarre para puerta<br \/>\n-Grilletes<br \/>\n-Agarres<br \/>\n-Manerales<\/p>\n<p>Descarga Manual : <a href=\"http:\/\/imcoleccion.com\/wp-content\/uploads\/woocommerce_uploads\/2021\/06\/Rutinas_ligasdeentrenamiento_IMCOLECCION_-usuxzy.pdf\">Descarga Aqu\u00ed\u00a0<\/a><\/p>","protected":false},"excerpt":{"rendered":"<p>**Despu\u00e9s de tu compra, recibir\u00e1s un correo donde podr\u00e1s descargar el manual de rutinas, accede a la liga &#8220;Rutinas para ligas&#8221;.<\/p>\n<p>Estas ligas est\u00e1n compuestas de diferentes resistencias y accesorios para que puedas entrenar cada m\u00fasculo del cuerpo de una manera aislada y en cualquier lugar, usando diferentes resistencias, en la compra de las ligas tendr\u00e1s una gu\u00eda de rutinas en video de cada grupo muscular de todo el cuerpo, hecha por el mejor Culturista de M\u00e9xico.<br \/>\nIsmael Mart\u00ednez as\u00ed que no dejes de entrenar y entrena de la mano con un profesional.<\/p>\n<p>El kit incluye:<br \/>\n-Banda de resistencia<br \/>\n20lbs, 25lbs, 30lbs, 35lbs, 40lbs<br \/>\n-Agarre para puerta<br \/>\n-Grilletes<br \/>\n-Agarres<br \/>\n-Manerales<\/p>","protected":false},"featured_media":469,"template":"","meta":{"_themeisle_gutenberg_block_has_review":false},"product_brand":[],"product_cat":[34],"product_tag":[],"class_list":{"0":"post-467","1":"product","2":"type-product","3":"status-publish","4":"has-post-thumbnail","6":"product_cat-ligas-de-entrenamiento","8":"entry","9":"has-media","11":"first","12":"outofstock","13":"downloadable","14":"purchasable","15":"product-type-simple","16":"has-product-nav","17":"col","18":"span_1_of_3","19":"owp-content-center","20":"owp-thumbs-layout-horizontal","21":"owp-btn-normal","22":"owp-tabs-layout-horizontal"},"_links":{"self":[{"href":"https:\/\/imcoleccion.com\/en\/wp-json\/wp\/v2\/product\/467","targetHints":{"allow":["GET"]}}],"collection":[{"href":"https:\/\/imcoleccion.com\/en\/wp-json\/wp\/v2\/product"}],"about":[{"href":"https:\/\/imcoleccion.com\/en\/wp-json\/wp\/v2\/types\/product"}],"wp:featuredmedia":[{"embeddable":true,"href":"https:\/\/imcoleccion.com\/en\/wp-json\/wp\/v2\/media\/469"}],"wp:attachment":[{"href":"https:\/\/imcoleccion.com\/en\/wp-json\/wp\/v2\/media?parent=467"}],"wp:term":[{"taxonomy":"product_brand","embeddable":true,"href":"https:\/\/imcoleccion.com\/en\/wp-json\/wp\/v2\/product_brand?post=467"},{"taxonomy":"product_cat","embeddable":true,"href":"https:\/\/imcoleccion.com\/en\/wp-json\/wp\/v2\/product_cat?post=467"},{"taxonomy":"product_tag","embeddable":true,"href":"https:\/\/imcoleccion.com\/en\/wp-json\/wp\/v2\/product_tag?post=467"}],"curies":[{"name":"wp","href":"https:\/\/api.w.org\/{rel}","templated":true}]}}