{"id":460,"date":"2021-05-14T12:56:22","date_gmt":"2021-05-14T12:56:22","guid":{"rendered":"http:\/\/imcoleccion.com\/?post_type=product&#038;p=460"},"modified":"2023-07-25T18:55:42","modified_gmt":"2023-07-25T23:55:42","slug":"boarshort-limited-edition-negro","status":"publish","type":"product","link":"https:\/\/imcoleccion.com\/en\/product\/boarshort-limited-edition-negro\/","title":{"rendered":"Boarshort limited edition Negro"},"content":{"rendered":"<p><span data-sanitized-data-mce-fragment=\"1\">Los boarshort m\u00e1s frescos e ideales para un d\u00eda de sol en verano o para verte imponente en una tarima, nuestros dise\u00f1os son \u00fanicos y c\u00f3modos la tela te permitir\u00eda que tenga un secado casi instant\u00e1neo, lo mejor de todo es son aut\u00e9nticamente para Surf sin ning\u00fan tipo de bolsa que se abulte al poder montar esas olas.<\/span><br data-sanitized-data-mce-fragment=\"1\" \/><span data-sanitized-data-mce-fragment=\"1\">As\u00ed que tu decides en que ocasi\u00f3n darle el uso siempre lucir\u00e1s original e incre\u00edble.<\/span><br data-sanitized-data-mce-fragment=\"1\" \/><span data-sanitized-data-mce-fragment=\"1\">Composici\u00f3n 100% poli\u00e9ster<\/span><\/p>\n<p><span data-sanitized-data-mce-fragment=\"1\">Talla<br \/>\nChica 27\u201d-28\u201d<br \/>\nMediana 29\u201d-31\u201d<br \/>\nGrande 32\u201d-33\u201d<\/span><\/p>","protected":false},"excerpt":{"rendered":"<p><span data-sanitized-data-mce-fragment=\"1\">Los boarshort m\u00e1s frescos e ideales para un d\u00eda de sol en verano o para verte imponente en una tarima, nuestros dise\u00f1os son \u00fanicos y c\u00f3modos la tela te permitir\u00eda que tenga un secado casi instant\u00e1neo, lo mejor de todo es son aut\u00e9nticamente para Surf sin ning\u00fan tipo de bolsa que se abulte al poder montar esas olas.<\/span><br data-sanitized-data-mce-fragment=\"1\" \/><span data-sanitized-data-mce-fragment=\"1\">As\u00ed que tu decides en que ocasi\u00f3n darle el uso siempre lucir\u00e1s original e incre\u00edble.<\/span><br data-sanitized-data-mce-fragment=\"1\" \/><span data-sanitized-data-mce-fragment=\"1\">Composici\u00f3n 100% poli\u00e9ster<\/span><\/p>\n<p><span data-sanitized-data-mce-fragment=\"1\">Talla<br \/>\nChica 27\u201d-28\u201d<br \/>\nMediana 29\u201d-31\u201d<br \/>\nGrande 32\u201d-33\u201d<\/span><\/p>\n<p><br data-sanitized-data-mce-fragment=\"1\" \/>50% poli\u00e9ster<br data-sanitized-data-mce-fragment=\"1\" \/>5% expandex<\/p>","protected":false},"featured_media":461,"template":"","meta":{"_themeisle_gutenberg_block_has_review":false},"product_brand":[],"product_cat":[20],"product_tag":[],"class_list":{"0":"post-460","1":"product","2":"type-product","3":"status-publish","4":"has-post-thumbnail","6":"product_cat-shorts","8":"entry","9":"has-media","11":"first","12":"outofstock","13":"product-type-variable","14":"has-product-nav","15":"col","16":"span_1_of_3","17":"owp-content-center","18":"owp-thumbs-layout-horizontal","19":"owp-btn-normal","20":"owp-tabs-layout-horizontal"},"_links":{"self":[{"href":"https:\/\/imcoleccion.com\/en\/wp-json\/wp\/v2\/product\/460","targetHints":{"allow":["GET"]}}],"collection":[{"href":"https:\/\/imcoleccion.com\/en\/wp-json\/wp\/v2\/product"}],"about":[{"href":"https:\/\/imcoleccion.com\/en\/wp-json\/wp\/v2\/types\/product"}],"wp:featuredmedia":[{"embeddable":true,"href":"https:\/\/imcoleccion.com\/en\/wp-json\/wp\/v2\/media\/461"}],"wp:attachment":[{"href":"https:\/\/imcoleccion.com\/en\/wp-json\/wp\/v2\/media?parent=460"}],"wp:term":[{"taxonomy":"product_brand","embeddable":true,"href":"https:\/\/imcoleccion.com\/en\/wp-json\/wp\/v2\/product_brand?post=460"},{"taxonomy":"product_cat","embeddable":true,"href":"https:\/\/imcoleccion.com\/en\/wp-json\/wp\/v2\/product_cat?post=460"},{"taxonomy":"product_tag","embeddable":true,"href":"https:\/\/imcoleccion.com\/en\/wp-json\/wp\/v2\/product_tag?post=460"}],"curies":[{"name":"wp","href":"https:\/\/api.w.org\/{rel}","templated":true}]}}