{"id":443,"date":"2021-05-14T12:47:36","date_gmt":"2021-05-14T12:47:36","guid":{"rendered":"http:\/\/imcoleccion.com\/?post_type=product&#038;p=443"},"modified":"2021-06-19T10:05:39","modified_gmt":"2021-06-19T15:05:39","slug":"ebook-quema-grasa-en-12-semanas","status":"publish","type":"product","link":"https:\/\/imcoleccion.com\/en\/product\/ebook-quema-grasa-en-12-semanas\/","title":{"rendered":"Ebook Quema Grasa en 12 semanas"},"content":{"rendered":"<p>Este E-book lo he dise\u00f1ado para poder llevarte a tu mejor versi\u00f3n, te dar\u00e9 una explicaci\u00f3n detallada semanal de c\u00f3mo llevar un proceso de alimentaci\u00f3n, suplementaci\u00f3n adecuado para llevar tu f\u00edsico al m\u00e1ximo.<br \/>\nAdem\u00e1s de que ser\u00e1 un plan a tu medida a partir de f\u00f3rmulas donde utilizaremos tu peso y tu estatura algunos otros factores personales para poder determinar lo que t\u00fa necesitas para cumplir el objetivo en 12 semanas.<\/p>","protected":false},"excerpt":{"rendered":"<p>Este E-book lo he dise\u00f1ado para poder llevarte a tu mejor versi\u00f3n, te dar\u00e9 una explicaci\u00f3n detallada semanal de c\u00f3mo llevar un proceso de alimentaci\u00f3n, suplementaci\u00f3n adecuado para llevar tu f\u00edsico al m\u00e1ximo.<br \/>\nAdem\u00e1s de que ser\u00e1 un plan a tu medida a partir de f\u00f3rmulas donde utilizaremos tu peso y tu estatura algunos otros factores personales para poder determinar lo que t\u00fa necesitas para cumplir el objetivo en 12 semanas.<\/p>","protected":false},"featured_media":445,"template":"","meta":{"_themeisle_gutenberg_block_has_review":false},"product_brand":[],"product_cat":[33],"product_tag":[],"class_list":{"0":"post-443","1":"product","2":"type-product","3":"status-publish","4":"has-post-thumbnail","6":"product_cat-ebook","8":"entry","9":"has-media","11":"first","12":"instock","13":"downloadable","14":"virtual","15":"purchasable","16":"product-type-simple","17":"has-product-nav","18":"col","19":"span_1_of_3","20":"owp-content-center","21":"owp-thumbs-layout-horizontal","22":"owp-btn-normal","23":"owp-tabs-layout-horizontal","24":"has-no-thumbnails"},"_links":{"self":[{"href":"https:\/\/imcoleccion.com\/en\/wp-json\/wp\/v2\/product\/443","targetHints":{"allow":["GET"]}}],"collection":[{"href":"https:\/\/imcoleccion.com\/en\/wp-json\/wp\/v2\/product"}],"about":[{"href":"https:\/\/imcoleccion.com\/en\/wp-json\/wp\/v2\/types\/product"}],"wp:featuredmedia":[{"embeddable":true,"href":"https:\/\/imcoleccion.com\/en\/wp-json\/wp\/v2\/media\/445"}],"wp:attachment":[{"href":"https:\/\/imcoleccion.com\/en\/wp-json\/wp\/v2\/media?parent=443"}],"wp:term":[{"taxonomy":"product_brand","embeddable":true,"href":"https:\/\/imcoleccion.com\/en\/wp-json\/wp\/v2\/product_brand?post=443"},{"taxonomy":"product_cat","embeddable":true,"href":"https:\/\/imcoleccion.com\/en\/wp-json\/wp\/v2\/product_cat?post=443"},{"taxonomy":"product_tag","embeddable":true,"href":"https:\/\/imcoleccion.com\/en\/wp-json\/wp\/v2\/product_tag?post=443"}],"curies":[{"name":"wp","href":"https:\/\/api.w.org\/{rel}","templated":true}]}}