{"id":419,"date":"2021-05-14T12:30:12","date_gmt":"2021-05-14T12:30:12","guid":{"rendered":"http:\/\/imcoleccion.com\/?post_type=product&#038;p=419"},"modified":"2022-11-17T17:49:47","modified_gmt":"2022-11-17T23:49:47","slug":"boxer-summer-azul-pack-2","status":"publish","type":"product","link":"https:\/\/imcoleccion.com\/en\/product\/boxer-summer-azul-pack-2\/","title":{"rendered":"B\u00f3xer Summer Azul Pack 2"},"content":{"rendered":"<p>B\u00f3xer SUMMER<br data-sanitized-data-mce-fragment=\"1\" \/><br data-sanitized-data-mce-fragment=\"1\" \/>Es el modelo m\u00e1s c\u00f3modo que podr\u00e1s tener la tela es suave a la vez fresca, nuestro resorte es c\u00f3modo y ajusta perfectos tu cintura.<br data-sanitized-data-mce-fragment=\"1\" \/><br data-sanitized-data-mce-fragment=\"1\" \/>No tendr\u00e1s la menor duda de que estos b\u00f3xer ser\u00e1n tus favoritos, ya que lucen incre\u00edbles.<br data-sanitized-data-mce-fragment=\"1\" \/><br data-sanitized-data-mce-fragment=\"1\" \/>Composici\u00f3n<br data-sanitized-data-mce-fragment=\"1\" \/>35% cotton<br data-sanitized-data-mce-fragment=\"1\" \/>50% poli\u00e9ster<br data-sanitized-data-mce-fragment=\"1\" \/>5% expandex<\/p>","protected":false},"excerpt":{"rendered":"<p>B\u00f3xer SUMMER<br data-sanitized-data-mce-fragment=\"1\" \/><br data-sanitized-data-mce-fragment=\"1\" \/>Es el modelo m\u00e1s c\u00f3modo que podr\u00e1s tener la tela es suave a la vez fresca, nuestro resorte es c\u00f3modo y ajusta perfectos tu cintura.<br data-sanitized-data-mce-fragment=\"1\" \/><br data-sanitized-data-mce-fragment=\"1\" \/>No tendr\u00e1s la menor duda de que estos b\u00f3xer ser\u00e1n tus favoritos, ya que lucen incre\u00edbles.<br data-sanitized-data-mce-fragment=\"1\" \/><br data-sanitized-data-mce-fragment=\"1\" \/>Composici\u00f3n<br data-sanitized-data-mce-fragment=\"1\" \/>35% cotton<br data-sanitized-data-mce-fragment=\"1\" \/>50% poli\u00e9ster<br data-sanitized-data-mce-fragment=\"1\" \/>5% expandex<\/p>","protected":false},"featured_media":415,"template":"","meta":{"_themeisle_gutenberg_block_has_review":false},"product_brand":[],"product_cat":[23],"product_tag":[],"class_list":{"0":"post-419","1":"product","2":"type-product","3":"status-publish","4":"has-post-thumbnail","6":"product_cat-boxers","8":"entry","9":"has-media","11":"first","12":"instock","13":"purchasable","14":"product-type-variable","15":"has-product-nav","16":"col","17":"span_1_of_3","18":"owp-content-center","19":"owp-thumbs-layout-horizontal","20":"owp-btn-normal","21":"owp-tabs-layout-horizontal"},"_links":{"self":[{"href":"https:\/\/imcoleccion.com\/en\/wp-json\/wp\/v2\/product\/419","targetHints":{"allow":["GET"]}}],"collection":[{"href":"https:\/\/imcoleccion.com\/en\/wp-json\/wp\/v2\/product"}],"about":[{"href":"https:\/\/imcoleccion.com\/en\/wp-json\/wp\/v2\/types\/product"}],"wp:featuredmedia":[{"embeddable":true,"href":"https:\/\/imcoleccion.com\/en\/wp-json\/wp\/v2\/media\/415"}],"wp:attachment":[{"href":"https:\/\/imcoleccion.com\/en\/wp-json\/wp\/v2\/media?parent=419"}],"wp:term":[{"taxonomy":"product_brand","embeddable":true,"href":"https:\/\/imcoleccion.com\/en\/wp-json\/wp\/v2\/product_brand?post=419"},{"taxonomy":"product_cat","embeddable":true,"href":"https:\/\/imcoleccion.com\/en\/wp-json\/wp\/v2\/product_cat?post=419"},{"taxonomy":"product_tag","embeddable":true,"href":"https:\/\/imcoleccion.com\/en\/wp-json\/wp\/v2\/product_tag?post=419"}],"curies":[{"name":"wp","href":"https:\/\/api.w.org\/{rel}","templated":true}]}}