{"id":413,"date":"2021-05-14T12:27:57","date_gmt":"2021-05-14T12:27:57","guid":{"rendered":"http:\/\/imcoleccion.com\/?post_type=product&#038;p=413"},"modified":"2023-09-05T06:12:41","modified_gmt":"2023-09-05T11:12:41","slug":"boxer-summer-azul-1-pza","status":"publish","type":"product","link":"https:\/\/imcoleccion.com\/en\/product\/boxer-summer-azul-1-pza\/","title":{"rendered":"B\u00f3xer Summer Azul 1 pza"},"content":{"rendered":"<p>B\u00f3xer SUMMER<br data-sanitized-data-mce-fragment=\"1\" \/><br data-sanitized-data-mce-fragment=\"1\" \/>Es el modelo m\u00e1s c\u00f3modo que podr\u00e1s tener la tela es suave a la vez fresca, nuestro resorte es c\u00f3modo y ajusta perfectos tu cintura.<br data-sanitized-data-mce-fragment=\"1\" \/><br data-sanitized-data-mce-fragment=\"1\" \/>No tendr\u00e1s la menor duda de que estos b\u00f3xer ser\u00e1n tus favoritos, ya que lucen incre\u00edbles.<br data-sanitized-data-mce-fragment=\"1\" \/><br data-sanitized-data-mce-fragment=\"1\" \/>Composici\u00f3n<br data-sanitized-data-mce-fragment=\"1\" \/>35% cotton<br data-sanitized-data-mce-fragment=\"1\" \/>50% poli\u00e9ster<br data-sanitized-data-mce-fragment=\"1\" \/>5% expandex<\/p>","protected":false},"excerpt":{"rendered":"<p>B\u00f3xer SUMMER<br data-sanitized-data-mce-fragment=\"1\" \/><br data-sanitized-data-mce-fragment=\"1\" \/>Es el modelo m\u00e1s c\u00f3modo que podr\u00e1s tener la tela es suave a la vez fresca, nuestro resorte es c\u00f3modo y ajusta perfectos tu cintura.<br data-sanitized-data-mce-fragment=\"1\" \/><br data-sanitized-data-mce-fragment=\"1\" \/>No tendr\u00e1s la menor duda de que estos b\u00f3xer ser\u00e1n tus favoritos, ya que lucen incre\u00edbles.<br data-sanitized-data-mce-fragment=\"1\" \/><br data-sanitized-data-mce-fragment=\"1\" \/>Composici\u00f3n<br data-sanitized-data-mce-fragment=\"1\" \/>35% cotton<br data-sanitized-data-mce-fragment=\"1\" \/>50% poli\u00e9ster<br data-sanitized-data-mce-fragment=\"1\" \/>5% expandex<\/p>","protected":false},"featured_media":415,"template":"","meta":{"_themeisle_gutenberg_block_has_review":false},"product_brand":[],"product_cat":[23],"product_tag":[],"class_list":{"0":"post-413","1":"product","2":"type-product","3":"status-publish","4":"has-post-thumbnail","6":"product_cat-boxers","8":"entry","9":"has-media","11":"first","12":"instock","13":"taxable","14":"shipping-taxable","15":"purchasable","16":"product-type-variable","17":"has-product-nav","18":"col","19":"span_1_of_3","20":"owp-content-center","21":"owp-thumbs-layout-horizontal","22":"owp-btn-normal","23":"owp-tabs-layout-horizontal"},"_links":{"self":[{"href":"https:\/\/imcoleccion.com\/en\/wp-json\/wp\/v2\/product\/413","targetHints":{"allow":["GET"]}}],"collection":[{"href":"https:\/\/imcoleccion.com\/en\/wp-json\/wp\/v2\/product"}],"about":[{"href":"https:\/\/imcoleccion.com\/en\/wp-json\/wp\/v2\/types\/product"}],"wp:featuredmedia":[{"embeddable":true,"href":"https:\/\/imcoleccion.com\/en\/wp-json\/wp\/v2\/media\/415"}],"wp:attachment":[{"href":"https:\/\/imcoleccion.com\/en\/wp-json\/wp\/v2\/media?parent=413"}],"wp:term":[{"taxonomy":"product_brand","embeddable":true,"href":"https:\/\/imcoleccion.com\/en\/wp-json\/wp\/v2\/product_brand?post=413"},{"taxonomy":"product_cat","embeddable":true,"href":"https:\/\/imcoleccion.com\/en\/wp-json\/wp\/v2\/product_cat?post=413"},{"taxonomy":"product_tag","embeddable":true,"href":"https:\/\/imcoleccion.com\/en\/wp-json\/wp\/v2\/product_tag?post=413"}],"curies":[{"name":"wp","href":"https:\/\/api.w.org\/{rel}","templated":true}]}}