{"id":406,"date":"2021-05-14T07:56:48","date_gmt":"2021-05-14T07:56:48","guid":{"rendered":"http:\/\/imcoleccion.com\/?post_type=product&#038;p=406"},"modified":"2023-07-17T12:10:50","modified_gmt":"2023-07-17T17:10:50","slug":"tank-top-summer-coleccion-negra","status":"publish","type":"product","link":"https:\/\/imcoleccion.com\/en\/product\/tank-top-summer-coleccion-negra\/","title":{"rendered":"Tank Top Summer Coleccion Negra"},"content":{"rendered":"<p>Esta tank top es incre\u00edblemente c\u00f3moda, lo mejor es que tiene un dise\u00f1o casual &#8211; Sport que queda en cualquier momento ideal para gym, o cualquier ejercicio de cardi\u00f3 o simplemente lucir incre\u00edble<\/p>\n<p>Composici\u00f3n<br \/>\n35% algod\u00f3n<br \/>\n65% poli\u00e9ster<br \/>\n5% expandex<\/p>","protected":false},"excerpt":{"rendered":"<p>Composici\u00f3n<\/p>\n<p>95% cotton<br \/>\n5% expandex<\/p>\n<p>Si quieres una prenda c\u00f3moda para entrenar o para un d\u00eda casual, debes tener esta Tank top es fresca y ajusta perfecto a todo tipo de cuerpo, dando un est\u00e9tico f\u00edsico con un estilo \u00fanico, la tela \u00fanica deja respirar tu piel dando un toque de confort.<\/p>","protected":false},"featured_media":409,"template":"","meta":{"_themeisle_gutenberg_block_has_review":false},"product_brand":[],"product_cat":[22],"product_tag":[],"class_list":{"0":"post-406","1":"product","2":"type-product","3":"status-publish","4":"has-post-thumbnail","6":"product_cat-tank-top","8":"entry","9":"has-media","11":"first","12":"instock","13":"purchasable","14":"product-type-variable","15":"has-product-nav","16":"col","17":"span_1_of_3","18":"owp-content-center","19":"owp-thumbs-layout-horizontal","20":"owp-btn-normal","21":"owp-tabs-layout-horizontal"},"_links":{"self":[{"href":"https:\/\/imcoleccion.com\/en\/wp-json\/wp\/v2\/product\/406","targetHints":{"allow":["GET"]}}],"collection":[{"href":"https:\/\/imcoleccion.com\/en\/wp-json\/wp\/v2\/product"}],"about":[{"href":"https:\/\/imcoleccion.com\/en\/wp-json\/wp\/v2\/types\/product"}],"wp:featuredmedia":[{"embeddable":true,"href":"https:\/\/imcoleccion.com\/en\/wp-json\/wp\/v2\/media\/409"}],"wp:attachment":[{"href":"https:\/\/imcoleccion.com\/en\/wp-json\/wp\/v2\/media?parent=406"}],"wp:term":[{"taxonomy":"product_brand","embeddable":true,"href":"https:\/\/imcoleccion.com\/en\/wp-json\/wp\/v2\/product_brand?post=406"},{"taxonomy":"product_cat","embeddable":true,"href":"https:\/\/imcoleccion.com\/en\/wp-json\/wp\/v2\/product_cat?post=406"},{"taxonomy":"product_tag","embeddable":true,"href":"https:\/\/imcoleccion.com\/en\/wp-json\/wp\/v2\/product_tag?post=406"}],"curies":[{"name":"wp","href":"https:\/\/api.w.org\/{rel}","templated":true}]}}