{"id":3969,"date":"2023-06-30T10:53:10","date_gmt":"2023-06-30T15:53:10","guid":{"rendered":"http:\/\/imcoleccion.com\/?post_type=product&#038;p=3969"},"modified":"2023-07-17T11:41:26","modified_gmt":"2023-07-17T16:41:26","slug":"tank-top-lion-im-blue","status":"publish","type":"product","link":"https:\/\/imcoleccion.com\/en\/product\/tank-top-lion-im-blue\/","title":{"rendered":"Tank top LION IM (Blue)"},"content":{"rendered":"<p>Descripci\u00f3n<\/p>\n<p>C\u00f3moda Tank con dise\u00f1o fresco, ideal para un d\u00eda de entreno.<\/p>\n<p>La licra ayuda a que sea flexible y amolde al cuerpo d\u00e1ndoles mayor comodidad.<\/p>\n<p>Material<\/p>\n<p>90% algod\u00f3n y 10% licra<\/p>\n<p>El modelo de la foto usa talla Mediana, mide 1.70m y pesa 81 kg<\/p>\n<p>________CH\u00a0\u00a0\u00a0\u00a0\u00a0\u00a0\u00a0\u00a0\u00a0\u00a0\u00a0\u00a0 M\u00a0\u00a0\u00a0\u00a0\u00a0\u00a0\u00a0\u00a0\u00a0\u00a0\u00a0 G<\/p>\n<p>Largo\u00a0 \u00a0 \u00a0 \u00a0 \u00a072cm\u00a0\u00a0\u00a0\u00a0\u00a0\u00a0 74cm\u00a0\u00a0\u00a0\u00a0\u00a0\u00a0 78cm<\/p>\n<p>Pecho\u00a0\u00a0\u00a0\u00a0\u00a0\u00a0\u00a0 37cm\u00a0\u00a0\u00a0\u00a0\u00a0\u00a0 38cm\u00a0\u00a0\u00a0\u00a0\u00a0\u00a0\u00a0 38cm<\/p>","protected":false},"excerpt":{"rendered":"<p>Descripci\u00f3n<\/p>\n<p>C\u00f3moda Tank con dise\u00f1o fresco, ideal para un d\u00eda de entreno.<\/p>\n<p>La licra ayuda a que sea flexible y amolde al cuerpo d\u00e1ndoles mayor comodidad.<\/p>\n<p>Material<\/p>\n<p>90% algod\u00f3n y 10% licra<\/p>\n<p>El modelo de la foto usa talla Mediana, mide 1.70m y pesa 81 kg<\/p>\n<p>________CH\u00a0\u00a0\u00a0\u00a0\u00a0\u00a0\u00a0\u00a0\u00a0\u00a0\u00a0\u00a0 M\u00a0\u00a0\u00a0\u00a0\u00a0\u00a0\u00a0\u00a0\u00a0\u00a0\u00a0 G<\/p>\n<p>Largo\u00a0 \u00a0 \u00a0 \u00a0 \u00a072cm\u00a0\u00a0\u00a0\u00a0\u00a0\u00a0 74cm\u00a0\u00a0\u00a0\u00a0\u00a0\u00a0 78cm<\/p>\n<p>Pecho\u00a0\u00a0\u00a0\u00a0\u00a0\u00a0\u00a0 37cm\u00a0\u00a0\u00a0\u00a0\u00a0\u00a0 38cm\u00a0\u00a0\u00a0\u00a0\u00a0\u00a0\u00a0 38cm<\/p>","protected":false},"featured_media":3973,"template":"","meta":{"_themeisle_gutenberg_block_has_review":false},"product_brand":[],"product_cat":[22],"product_tag":[],"class_list":{"0":"post-3969","1":"product","2":"type-product","3":"status-publish","4":"has-post-thumbnail","6":"product_cat-tank-top","8":"entry","9":"has-media","11":"first","12":"outofstock","13":"product-type-variable","14":"has-product-nav","15":"col","16":"span_1_of_3","17":"owp-content-center","18":"owp-thumbs-layout-horizontal","19":"owp-btn-normal","20":"owp-tabs-layout-horizontal","21":"has-no-thumbnails"},"_links":{"self":[{"href":"https:\/\/imcoleccion.com\/en\/wp-json\/wp\/v2\/product\/3969","targetHints":{"allow":["GET"]}}],"collection":[{"href":"https:\/\/imcoleccion.com\/en\/wp-json\/wp\/v2\/product"}],"about":[{"href":"https:\/\/imcoleccion.com\/en\/wp-json\/wp\/v2\/types\/product"}],"wp:featuredmedia":[{"embeddable":true,"href":"https:\/\/imcoleccion.com\/en\/wp-json\/wp\/v2\/media\/3973"}],"wp:attachment":[{"href":"https:\/\/imcoleccion.com\/en\/wp-json\/wp\/v2\/media?parent=3969"}],"wp:term":[{"taxonomy":"product_brand","embeddable":true,"href":"https:\/\/imcoleccion.com\/en\/wp-json\/wp\/v2\/product_brand?post=3969"},{"taxonomy":"product_cat","embeddable":true,"href":"https:\/\/imcoleccion.com\/en\/wp-json\/wp\/v2\/product_cat?post=3969"},{"taxonomy":"product_tag","embeddable":true,"href":"https:\/\/imcoleccion.com\/en\/wp-json\/wp\/v2\/product_tag?post=3969"}],"curies":[{"name":"wp","href":"https:\/\/api.w.org\/{rel}","templated":true}]}}