{"id":390,"date":"2021-05-14T07:34:33","date_gmt":"2021-05-14T07:34:33","guid":{"rendered":"http:\/\/imcoleccion.com\/?post_type=product&#038;p=390"},"modified":"2021-05-31T00:00:51","modified_gmt":"2021-05-31T05:00:51","slug":"playera-summer-coleccion-negra","status":"publish","type":"product","link":"https:\/\/imcoleccion.com\/en\/product\/playera-summer-coleccion-negra\/","title":{"rendered":"Playera Summer Coleccion Negra"},"content":{"rendered":"<p>Esta camiseta te har\u00e1 lucir incre\u00edble, ya que tiene un dise\u00f1o genuino que podr\u00e1s lucir con jeans o un d\u00eda de entreno es c\u00f3moda y su tela es suave por su composici\u00f3n \u00fanica<\/p>\n<p>Composici\u00f3n<br \/>\n35% algod\u00f3n<br \/>\n65% poli\u00e9ster<br \/>\n5% expandex<\/p>","protected":false},"excerpt":{"rendered":"<p>Esta camiseta te har\u00e1 lucir incre\u00edble, ya que tiene un dise\u00f1o genuino que podr\u00e1s lucir con jeans o un d\u00eda de entreno es c\u00f3moda y su tela es suave por su composici\u00f3n \u00fanica<\/p>\n<p>Composici\u00f3n<br \/>\n35% algod\u00f3n<br \/>\n65% poli\u00e9ster<br \/>\n5% expandex<\/p>","protected":false},"featured_media":392,"template":"","meta":{"_themeisle_gutenberg_block_has_review":false},"product_brand":[],"product_cat":[19],"product_tag":[],"class_list":{"0":"post-390","1":"product","2":"type-product","3":"status-publish","4":"has-post-thumbnail","6":"product_cat-playeras","8":"entry","9":"has-media","11":"first","12":"outofstock","13":"taxable","14":"shipping-taxable","15":"product-type-variable","16":"has-product-nav","17":"col","18":"span_1_of_3","19":"owp-content-center","20":"owp-thumbs-layout-horizontal","21":"owp-btn-normal","22":"owp-tabs-layout-horizontal"},"_links":{"self":[{"href":"https:\/\/imcoleccion.com\/en\/wp-json\/wp\/v2\/product\/390","targetHints":{"allow":["GET"]}}],"collection":[{"href":"https:\/\/imcoleccion.com\/en\/wp-json\/wp\/v2\/product"}],"about":[{"href":"https:\/\/imcoleccion.com\/en\/wp-json\/wp\/v2\/types\/product"}],"wp:featuredmedia":[{"embeddable":true,"href":"https:\/\/imcoleccion.com\/en\/wp-json\/wp\/v2\/media\/392"}],"wp:attachment":[{"href":"https:\/\/imcoleccion.com\/en\/wp-json\/wp\/v2\/media?parent=390"}],"wp:term":[{"taxonomy":"product_brand","embeddable":true,"href":"https:\/\/imcoleccion.com\/en\/wp-json\/wp\/v2\/product_brand?post=390"},{"taxonomy":"product_cat","embeddable":true,"href":"https:\/\/imcoleccion.com\/en\/wp-json\/wp\/v2\/product_cat?post=390"},{"taxonomy":"product_tag","embeddable":true,"href":"https:\/\/imcoleccion.com\/en\/wp-json\/wp\/v2\/product_tag?post=390"}],"curies":[{"name":"wp","href":"https:\/\/api.w.org\/{rel}","templated":true}]}}