{"id":3766,"date":"2023-02-14T13:34:20","date_gmt":"2023-02-14T19:34:20","guid":{"rendered":"http:\/\/imcoleccion.com\/?post_type=product&#038;p=3766"},"modified":"2024-03-28T07:13:11","modified_gmt":"2024-03-28T13:13:11","slug":"fajas-sweatmax-ultra","status":"publish","type":"product","link":"https:\/\/imcoleccion.com\/en\/product\/fajas-sweatmax-ultra\/","title":{"rendered":"Fajas Sweatmax Ultra"},"content":{"rendered":"<p>Fajas Sweatmax Ultra<\/p>\n<p>Esta faja te ayuda a elevar tu temperatura y moldear tu zona media durante el Cardi\u00f3 o durante tu rutina de pesas, tambi\u00e9n te ayudar\u00e1 a tener m\u00e1s soporte en tu columna con la doble faja con velcro, puedes ajustarla con tu progreso, tambi\u00e9n es un incre\u00edble accesorio para que tu postura mejore y puedas lograr un mejor entreno.<\/p>\n<p>Medidas de cintura en base a la talla<br \/>\nChica<br \/>\n60 &#8211; 69 cm<\/p>\n<p>Mediana<br \/>\n70 &#8211; 79 cm<\/p>\n<p>Grande<br \/>\n80 &#8211; 89 cm<\/p>\n<p>Extra grande<br \/>\n90 &#8211; 99 cm<\/p>","protected":false},"excerpt":{"rendered":"<p>Fajas Sweatmax Ultra<\/p>\n<p>Esta faja te ayuda a elevar tu temperatura y moldear tu zona media durante el Cardi\u00f3 o durante tu rutina de pesas, tambi\u00e9n te ayudar\u00e1 a tener m\u00e1s soporte en tu columna con la doble faja con velcro, puedes ajustarla con tu progreso, tambi\u00e9n es un incre\u00edble accesorio para que tu postura mejore y puedas lograr un mejor entreno.<\/p>\n<p>Medidas de cintura en base a la talla<br \/>\nChica<br \/>\n60 &#8211; 69 cm<\/p>\n<p>Mediana<br \/>\n70 &#8211; 79 cm<\/p>\n<p>Grande<br \/>\n80 &#8211; 89 cm<\/p>\n<p>Extra grande<br \/>\n90 &#8211; 99 cm<\/p>","protected":false},"featured_media":3770,"template":"","meta":{"_themeisle_gutenberg_block_has_review":false},"product_brand":[],"product_cat":[35],"product_tag":[],"class_list":{"0":"post-3766","1":"product","2":"type-product","3":"status-publish","4":"has-post-thumbnail","6":"product_cat-faja","8":"entry","9":"has-media","11":"first","12":"instock","13":"purchasable","14":"product-type-variable","15":"has-product-nav","16":"col","17":"span_1_of_3","18":"owp-content-center","19":"owp-thumbs-layout-horizontal","20":"owp-btn-normal","21":"owp-tabs-layout-horizontal"},"_links":{"self":[{"href":"https:\/\/imcoleccion.com\/en\/wp-json\/wp\/v2\/product\/3766","targetHints":{"allow":["GET"]}}],"collection":[{"href":"https:\/\/imcoleccion.com\/en\/wp-json\/wp\/v2\/product"}],"about":[{"href":"https:\/\/imcoleccion.com\/en\/wp-json\/wp\/v2\/types\/product"}],"wp:featuredmedia":[{"embeddable":true,"href":"https:\/\/imcoleccion.com\/en\/wp-json\/wp\/v2\/media\/3770"}],"wp:attachment":[{"href":"https:\/\/imcoleccion.com\/en\/wp-json\/wp\/v2\/media?parent=3766"}],"wp:term":[{"taxonomy":"product_brand","embeddable":true,"href":"https:\/\/imcoleccion.com\/en\/wp-json\/wp\/v2\/product_brand?post=3766"},{"taxonomy":"product_cat","embeddable":true,"href":"https:\/\/imcoleccion.com\/en\/wp-json\/wp\/v2\/product_cat?post=3766"},{"taxonomy":"product_tag","embeddable":true,"href":"https:\/\/imcoleccion.com\/en\/wp-json\/wp\/v2\/product_tag?post=3766"}],"curies":[{"name":"wp","href":"https:\/\/api.w.org\/{rel}","templated":true}]}}