{"id":3759,"date":"2023-02-14T13:26:35","date_gmt":"2023-02-14T19:26:35","guid":{"rendered":"http:\/\/imcoleccion.com\/?post_type=product&#038;p=3759"},"modified":"2023-09-01T20:32:20","modified_gmt":"2023-09-02T01:32:20","slug":"boardshort-aesthetic-red","status":"publish","type":"product","link":"https:\/\/imcoleccion.com\/en\/product\/boardshort-aesthetic-red\/","title":{"rendered":"Boardshort Aesthetic Red"},"content":{"rendered":"<p>Si est\u00e1s listo para ir al show en tu mejor versi\u00f3n, estos boardshort te har\u00e1 lucir incre\u00edble, la tela es de la m\u00e1s alta calidad de algod\u00f3n con un ligero toque de spandex para que pueda ajustar Perfecto a tus muslos y cintura. Este dise\u00f1o fue creado para usar en playa en un d\u00eda de sol o en el la tarima m\u00e1s imponente.<br \/>\nTiene un toque de negro para resaltar tu silueta y darte m\u00e1s simetr\u00eda al posar en el escenario.<\/p>\n<p>Composici\u00f3n<br \/>\n97% Algod\u00f3n<br \/>\n3% Expandex<\/p>\n<p>La tabla de medidas est\u00e1 abajo para que puedas elegir la talla m\u00e1s adecuada, tambi\u00e9n tiene el largo perfecto para poder usar en cualquier competencia de la Federaci\u00f3n Mexicana o cualquier competencia internacional o de la NPC<\/p>\n<p>Boardshort<br \/>\nChico<br \/>\nTalla: 30 &#8211; 32 in<br \/>\nLargo: 47.5cm (18.3in)<\/p>\n<p>Medium<br \/>\nTalla: 32- 34 in<br \/>\nLargo: 52cm (20in)<\/p>\n<p>Grande<br \/>\nTalla: 34 -36 in<br \/>\nLargo: 52.5cm (21in)<\/p>","protected":false},"excerpt":{"rendered":"<p>Si est\u00e1s listo para ir al show en tu mejor versi\u00f3n, estos boardshort te har\u00e1 lucir incre\u00edble, la tela es de la m\u00e1s alta calidad de algod\u00f3n con un ligero toque de spandex para que pueda ajustar Perfecto a tus muslos y cintura. Este dise\u00f1o fue creado para usar en playa en un d\u00eda de sol o en el la tarima m\u00e1s imponente.<br \/>\nTiene un toque de negro para resaltar tu silueta y darte m\u00e1s simetr\u00eda al posar en el escenario.<\/p>\n<p>Composici\u00f3n<br \/>\n97% Algod\u00f3n<br \/>\n3% Expandex<\/p>\n<p>La tabla de medidas est\u00e1 abajo para que puedas elegir la talla m\u00e1s adecuada, tambi\u00e9n tiene el largo perfecto para poder usar en cualquier competencia de la Federaci\u00f3n Mexicana o cualquier competencia internacional o de la NPC<\/p>\n<p>Boardshort<br \/>\nChico<br \/>\nTalla: 30 &#8211; 32 in<br \/>\nLargo: 47.5cm (18.3in)<\/p>\n<p>Medium<br \/>\nTalla: 32- 34 in<br \/>\nLargo: 52cm (20in)<\/p>\n<p>Grande<br \/>\nTalla: 34 -36 in<br \/>\nLargo: 52.5cm (21in)<\/p>","protected":false},"featured_media":3763,"template":"","meta":{"_themeisle_gutenberg_block_has_review":false},"product_brand":[],"product_cat":[20],"product_tag":[],"class_list":{"0":"post-3759","1":"product","2":"type-product","3":"status-publish","4":"has-post-thumbnail","6":"product_cat-shorts","8":"entry","9":"has-media","11":"first","12":"instock","13":"purchasable","14":"product-type-variable","15":"has-product-nav","16":"col","17":"span_1_of_3","18":"owp-content-center","19":"owp-thumbs-layout-horizontal","20":"owp-btn-normal","21":"owp-tabs-layout-horizontal"},"_links":{"self":[{"href":"https:\/\/imcoleccion.com\/en\/wp-json\/wp\/v2\/product\/3759","targetHints":{"allow":["GET"]}}],"collection":[{"href":"https:\/\/imcoleccion.com\/en\/wp-json\/wp\/v2\/product"}],"about":[{"href":"https:\/\/imcoleccion.com\/en\/wp-json\/wp\/v2\/types\/product"}],"wp:featuredmedia":[{"embeddable":true,"href":"https:\/\/imcoleccion.com\/en\/wp-json\/wp\/v2\/media\/3763"}],"wp:attachment":[{"href":"https:\/\/imcoleccion.com\/en\/wp-json\/wp\/v2\/media?parent=3759"}],"wp:term":[{"taxonomy":"product_brand","embeddable":true,"href":"https:\/\/imcoleccion.com\/en\/wp-json\/wp\/v2\/product_brand?post=3759"},{"taxonomy":"product_cat","embeddable":true,"href":"https:\/\/imcoleccion.com\/en\/wp-json\/wp\/v2\/product_cat?post=3759"},{"taxonomy":"product_tag","embeddable":true,"href":"https:\/\/imcoleccion.com\/en\/wp-json\/wp\/v2\/product_tag?post=3759"}],"curies":[{"name":"wp","href":"https:\/\/api.w.org\/{rel}","templated":true}]}}