{"id":3373,"date":"2022-11-17T08:55:08","date_gmt":"2022-11-17T14:55:08","guid":{"rendered":"http:\/\/imcoleccion.com\/?post_type=product&#038;p=3373"},"modified":"2024-03-13T13:54:38","modified_gmt":"2024-03-13T19:54:38","slug":"tank-top-new-era-horizontal-gruesa","status":"publish","type":"product","link":"https:\/\/imcoleccion.com\/en\/product\/tank-top-new-era-horizontal-gruesa\/","title":{"rendered":"Tank Top New Era Horizontal Gruesa"},"content":{"rendered":"<p>Descripci\u00f3n<\/p>\n<p>Esta Tank top ser\u00e1 parte perfecto de tu Outfit para el entreno tiene una un toque de verdadera<br \/>\nelegancia.<br \/>\nLa tela es ligera y eso te permitir\u00e1 tener mayor frescura al entrenar, adem\u00e1s podr\u00e1 lograr una<br \/>\nmejor respiraci\u00f3n en tu piel.<\/p>\n<p>Composici\u00f3n<br \/>\nPoli\u00e9ster 65%<br \/>\nAlgod\u00f3n 20%<br \/>\nExplandex 5%<\/p>","protected":false},"excerpt":{"rendered":"<p>Descripci\u00f3n<br \/>\nEsta Tank top ser\u00e1 parte perfecto de tu Outfit para el entreno tiene una un toque de verdadera<br \/>\nelegancia.<br \/>\nLa tela es ligera y eso te permitir\u00e1 tener mayor frescura al entrenar, adem\u00e1s podr\u00e1 lograr una<br \/>\nmejor respiraci\u00f3n en tu piel.<\/p>\n<p>Composici\u00f3n<br \/>\nPoli\u00e9ster 65%<br \/>\nAlgod\u00f3n 20%<br \/>\nExplandex 5%<\/p>","protected":false},"featured_media":3382,"template":"","meta":{"_themeisle_gutenberg_block_has_review":false},"product_brand":[],"product_cat":[22],"product_tag":[],"class_list":{"0":"post-3373","1":"product","2":"type-product","3":"status-publish","4":"has-post-thumbnail","6":"product_cat-tank-top","8":"entry","9":"has-media","11":"first","12":"instock","13":"purchasable","14":"product-type-variable","15":"has-product-nav","16":"col","17":"span_1_of_3","18":"owp-content-center","19":"owp-thumbs-layout-horizontal","20":"owp-btn-normal","21":"owp-tabs-layout-horizontal"},"_links":{"self":[{"href":"https:\/\/imcoleccion.com\/en\/wp-json\/wp\/v2\/product\/3373","targetHints":{"allow":["GET"]}}],"collection":[{"href":"https:\/\/imcoleccion.com\/en\/wp-json\/wp\/v2\/product"}],"about":[{"href":"https:\/\/imcoleccion.com\/en\/wp-json\/wp\/v2\/types\/product"}],"wp:featuredmedia":[{"embeddable":true,"href":"https:\/\/imcoleccion.com\/en\/wp-json\/wp\/v2\/media\/3382"}],"wp:attachment":[{"href":"https:\/\/imcoleccion.com\/en\/wp-json\/wp\/v2\/media?parent=3373"}],"wp:term":[{"taxonomy":"product_brand","embeddable":true,"href":"https:\/\/imcoleccion.com\/en\/wp-json\/wp\/v2\/product_brand?post=3373"},{"taxonomy":"product_cat","embeddable":true,"href":"https:\/\/imcoleccion.com\/en\/wp-json\/wp\/v2\/product_cat?post=3373"},{"taxonomy":"product_tag","embeddable":true,"href":"https:\/\/imcoleccion.com\/en\/wp-json\/wp\/v2\/product_tag?post=3373"}],"curies":[{"name":"wp","href":"https:\/\/api.w.org\/{rel}","templated":true}]}}