{"id":3353,"date":"2022-11-17T00:02:25","date_gmt":"2022-11-17T06:02:25","guid":{"rendered":"http:\/\/imcoleccion.com\/?post_type=product&#038;p=3353"},"modified":"2024-01-16T15:48:27","modified_gmt":"2024-01-16T21:48:27","slug":"tank-top-ares-blanca","status":"publish","type":"product","link":"https:\/\/imcoleccion.com\/en\/product\/tank-top-ares-blanca\/","title":{"rendered":"Tank Top Ares Blanca"},"content":{"rendered":"<p>Descripci\u00f3n<br \/>\nTank top Ares est\u00e1 prenda fue dise\u00f1ada para entrenar con ultra confort, la tela es ligera y c\u00f3moda adem\u00e1s de que puedas lucir un estilo \u00fanico<br \/>\nLucir\u00e1s como todo un espartano<\/p>","protected":false},"excerpt":{"rendered":"<p>Descripci\u00f3n<br \/>\nTank top Ares est\u00e1 prenda fue dise\u00f1ada para entrenar con ultra confort, la tela es ligera y c\u00f3moda adem\u00e1s de que puedas lucir un estilo \u00fanico<br \/>\nLucir\u00e1s como todo un espartano<\/p>","protected":false},"featured_media":3360,"template":"","meta":{"_themeisle_gutenberg_block_has_review":false},"product_brand":[],"product_cat":[22],"product_tag":[],"class_list":{"0":"post-3353","1":"product","2":"type-product","3":"status-publish","4":"has-post-thumbnail","6":"product_cat-tank-top","8":"entry","9":"has-media","11":"first","12":"instock","13":"purchasable","14":"product-type-variable","15":"has-product-nav","16":"col","17":"span_1_of_3","18":"owp-content-center","19":"owp-thumbs-layout-horizontal","20":"owp-btn-normal","21":"owp-tabs-layout-horizontal"},"_links":{"self":[{"href":"https:\/\/imcoleccion.com\/en\/wp-json\/wp\/v2\/product\/3353","targetHints":{"allow":["GET"]}}],"collection":[{"href":"https:\/\/imcoleccion.com\/en\/wp-json\/wp\/v2\/product"}],"about":[{"href":"https:\/\/imcoleccion.com\/en\/wp-json\/wp\/v2\/types\/product"}],"wp:featuredmedia":[{"embeddable":true,"href":"https:\/\/imcoleccion.com\/en\/wp-json\/wp\/v2\/media\/3360"}],"wp:attachment":[{"href":"https:\/\/imcoleccion.com\/en\/wp-json\/wp\/v2\/media?parent=3353"}],"wp:term":[{"taxonomy":"product_brand","embeddable":true,"href":"https:\/\/imcoleccion.com\/en\/wp-json\/wp\/v2\/product_brand?post=3353"},{"taxonomy":"product_cat","embeddable":true,"href":"https:\/\/imcoleccion.com\/en\/wp-json\/wp\/v2\/product_cat?post=3353"},{"taxonomy":"product_tag","embeddable":true,"href":"https:\/\/imcoleccion.com\/en\/wp-json\/wp\/v2\/product_tag?post=3353"}],"curies":[{"name":"wp","href":"https:\/\/api.w.org\/{rel}","templated":true}]}}