{"id":3231,"date":"2022-09-26T21:56:44","date_gmt":"2022-09-27T02:56:44","guid":{"rendered":"http:\/\/imcoleccion.com\/?post_type=product&#038;p=3231"},"modified":"2024-01-14T10:50:09","modified_gmt":"2024-01-14T16:50:09","slug":"tank-top-lineas-verticales-blancas","status":"publish","type":"product","link":"https:\/\/imcoleccion.com\/en\/product\/tank-top-lineas-verticales-blancas\/","title":{"rendered":"Tank Top New Era Blanca"},"content":{"rendered":"<p>Descripci\u00f3n<br \/>\nEsta Tank top te har\u00e1 sentirte c\u00f3modo, ya sea en un lugar para hacer deporte o en alguna<br \/>\nreuni\u00f3n ya que el dise\u00f1o no solo te har\u00e1 lucir un gran f\u00edsico tambi\u00e9n, agregamos un toque<br \/>\nelegante para usar como unos jeans o con alg\u00fan pants.<\/p>\n<p>La tela es ligera y suave esto permite sentirte fresco y c\u00f3modo al hacer ejercicio.<\/p>\n<p>Composici\u00f3n tela<br \/>\nAlgod\u00f3n 60%<br \/>\nExpandex 40%<\/p>","protected":false},"excerpt":{"rendered":"<p>Descripci\u00f3n<br \/>\nEsta Tank top te har\u00e1 sentirte c\u00f3modo, ya sea en un lugar para hacer deporte o en alguna<br \/>\nreuni\u00f3n ya que el dise\u00f1o no solo te har\u00e1 lucir un gran f\u00edsico tambi\u00e9n, agregamos un toque<br \/>\nelegante para usar como unos jeans o con alg\u00fan pants.<\/p>\n<p>La tela es ligera y suave esto permite sentirte fresco y c\u00f3modo al hacer ejercicio.<\/p>\n<p>Composici\u00f3n tela<br \/>\nAlgod\u00f3n 60%<br \/>\nExpandex 40%<\/p>","protected":false},"featured_media":3243,"template":"","meta":{"_themeisle_gutenberg_block_has_review":false},"product_brand":[],"product_cat":[22],"product_tag":[],"class_list":{"0":"post-3231","1":"product","2":"type-product","3":"status-publish","4":"has-post-thumbnail","6":"product_cat-tank-top","8":"entry","9":"has-media","11":"first","12":"instock","13":"purchasable","14":"product-type-variable","15":"has-product-nav","16":"col","17":"span_1_of_3","18":"owp-content-center","19":"owp-thumbs-layout-horizontal","20":"owp-btn-normal","21":"owp-tabs-layout-horizontal"},"_links":{"self":[{"href":"https:\/\/imcoleccion.com\/en\/wp-json\/wp\/v2\/product\/3231","targetHints":{"allow":["GET"]}}],"collection":[{"href":"https:\/\/imcoleccion.com\/en\/wp-json\/wp\/v2\/product"}],"about":[{"href":"https:\/\/imcoleccion.com\/en\/wp-json\/wp\/v2\/types\/product"}],"wp:featuredmedia":[{"embeddable":true,"href":"https:\/\/imcoleccion.com\/en\/wp-json\/wp\/v2\/media\/3243"}],"wp:attachment":[{"href":"https:\/\/imcoleccion.com\/en\/wp-json\/wp\/v2\/media?parent=3231"}],"wp:term":[{"taxonomy":"product_brand","embeddable":true,"href":"https:\/\/imcoleccion.com\/en\/wp-json\/wp\/v2\/product_brand?post=3231"},{"taxonomy":"product_cat","embeddable":true,"href":"https:\/\/imcoleccion.com\/en\/wp-json\/wp\/v2\/product_cat?post=3231"},{"taxonomy":"product_tag","embeddable":true,"href":"https:\/\/imcoleccion.com\/en\/wp-json\/wp\/v2\/product_tag?post=3231"}],"curies":[{"name":"wp","href":"https:\/\/api.w.org\/{rel}","templated":true}]}}