{"id":2947,"date":"2022-06-21T17:20:20","date_gmt":"2022-06-21T22:20:20","guid":{"rendered":"http:\/\/imcoleccion.com\/?post_type=product&#038;p=2947"},"modified":"2023-02-10T11:57:04","modified_gmt":"2023-02-10T17:57:04","slug":"tank-top-ares-negro","status":"publish","type":"product","link":"https:\/\/imcoleccion.com\/en\/product\/tank-top-ares-negro\/","title":{"rendered":"Tank Top Ares Negro"},"content":{"rendered":"<p>Descripci\u00f3n<br \/>\nTank top Ares est\u00e1 prenda fue dise\u00f1ada para entrenar con ultra confort, la tela es ligera y c\u00f3moda adem\u00e1s de que puedas lucir un estilo \u00fanico<br \/>\nLucir\u00e1s como todo un espartano<\/p>","protected":false},"excerpt":{"rendered":"<p>Descripci\u00f3n<br \/>\nTank top Ares est\u00e1 prenda fue dise\u00f1ada para entrenar con ultra confort, la tela es ligera y c\u00f3moda adem\u00e1s de que puedas lucir un estilo \u00fanico<br \/>\nLucir\u00e1s como todo un espartano<\/p>","protected":false},"featured_media":2951,"template":"","meta":{"_themeisle_gutenberg_block_has_review":false},"product_brand":[],"product_cat":[22],"product_tag":[],"class_list":{"0":"post-2947","1":"product","2":"type-product","3":"status-publish","4":"has-post-thumbnail","6":"product_cat-tank-top","8":"entry","9":"has-media","11":"first","12":"outofstock","13":"product-type-variable","14":"has-product-nav","15":"col","16":"span_1_of_3","17":"owp-content-center","18":"owp-thumbs-layout-horizontal","19":"owp-btn-normal","20":"owp-tabs-layout-horizontal"},"_links":{"self":[{"href":"https:\/\/imcoleccion.com\/en\/wp-json\/wp\/v2\/product\/2947","targetHints":{"allow":["GET"]}}],"collection":[{"href":"https:\/\/imcoleccion.com\/en\/wp-json\/wp\/v2\/product"}],"about":[{"href":"https:\/\/imcoleccion.com\/en\/wp-json\/wp\/v2\/types\/product"}],"wp:featuredmedia":[{"embeddable":true,"href":"https:\/\/imcoleccion.com\/en\/wp-json\/wp\/v2\/media\/2951"}],"wp:attachment":[{"href":"https:\/\/imcoleccion.com\/en\/wp-json\/wp\/v2\/media?parent=2947"}],"wp:term":[{"taxonomy":"product_brand","embeddable":true,"href":"https:\/\/imcoleccion.com\/en\/wp-json\/wp\/v2\/product_brand?post=2947"},{"taxonomy":"product_cat","embeddable":true,"href":"https:\/\/imcoleccion.com\/en\/wp-json\/wp\/v2\/product_cat?post=2947"},{"taxonomy":"product_tag","embeddable":true,"href":"https:\/\/imcoleccion.com\/en\/wp-json\/wp\/v2\/product_tag?post=2947"}],"curies":[{"name":"wp","href":"https:\/\/api.w.org\/{rel}","templated":true}]}}