{"id":2534,"date":"2022-04-25T19:33:40","date_gmt":"2022-04-26T00:33:40","guid":{"rendered":"http:\/\/imcoleccion.com\/?post_type=product&#038;p=2534"},"modified":"2024-04-15T20:24:11","modified_gmt":"2024-04-16T01:24:11","slug":"kit-define","status":"publish","type":"product","link":"https:\/\/imcoleccion.com\/en\/product\/kit-define\/","title":{"rendered":"KIT DEFINE"},"content":{"rendered":"<p>Este kit est\u00e1 compuesto por 2 de nuestros productos estrella, los que te ayudar\u00e1n a definirte de una manera m\u00e1s sencilla y funge de gran apoyo para esta etapa.<\/p>\n<p>BODY CUT es un gel termog\u00e9nico enfocado a ayudarte a mejorar tu composici\u00f3n corporal.<\/p>\n<p>Caracter\u00edsticas de BODY CUT:<\/p>\n<p>\u25aa\ufe0fSe enfoca en \u00e1reas problem\u00e1ticas de respuesta lenta (caderas, piernas, cintura, abdomen)<br \/>\n\u25aa\ufe0fMejora sustancialmente la circulaci\u00f3n y la sudoraci\u00f3n<br \/>\n\u25aa\ufe0fAcelera el tiempo de calentamiento y recuperaci\u00f3n<br \/>\n\u25aa\ufe0fAyuda a tu piel a darle firmeza<br \/>\n\u25aa\ufe0fAyuda a elevar la temperatura<\/p>\n<p>Sweatmax su dise\u00f1o y composici\u00f3n ayuda a mejorar la actividad termog\u00e9nica, aumentando la circulaci\u00f3n, producci\u00f3n de calor y sudoraci\u00f3n. Un solo tama\u00f1o<\/p>\n<p>que se adapta a Hombres y Mujeres.<\/p>\n<p>Es apto para cualquier tipo de ejercicio cardiovascular o deporte.<\/p>\n<p>Composici\u00f3n\u00a0\u00a0Neopreno<\/p>\n<p>&nbsp;<\/p>","protected":false},"excerpt":{"rendered":"<p>Este kit est\u00e1 compuesto por 2 de nuestros productos estrella, los que te ayudar\u00e1n a definirte de una manera m\u00e1s sencilla y funge de gran apoyo para esta etapa.<\/p>","protected":false},"featured_media":2535,"template":"","meta":{"_themeisle_gutenberg_block_has_review":false},"product_brand":[],"product_cat":[35,46],"product_tag":[],"class_list":{"0":"post-2534","1":"product","2":"type-product","3":"status-publish","4":"has-post-thumbnail","6":"product_cat-faja","7":"product_cat-gel","9":"entry","10":"has-media","12":"first","13":"instock","14":"purchasable","15":"product-type-simple","16":"has-product-nav","17":"col","18":"span_1_of_3","19":"owp-content-center","20":"owp-thumbs-layout-horizontal","21":"owp-btn-normal","22":"owp-tabs-layout-horizontal"},"_links":{"self":[{"href":"https:\/\/imcoleccion.com\/en\/wp-json\/wp\/v2\/product\/2534","targetHints":{"allow":["GET"]}}],"collection":[{"href":"https:\/\/imcoleccion.com\/en\/wp-json\/wp\/v2\/product"}],"about":[{"href":"https:\/\/imcoleccion.com\/en\/wp-json\/wp\/v2\/types\/product"}],"wp:featuredmedia":[{"embeddable":true,"href":"https:\/\/imcoleccion.com\/en\/wp-json\/wp\/v2\/media\/2535"}],"wp:attachment":[{"href":"https:\/\/imcoleccion.com\/en\/wp-json\/wp\/v2\/media?parent=2534"}],"wp:term":[{"taxonomy":"product_brand","embeddable":true,"href":"https:\/\/imcoleccion.com\/en\/wp-json\/wp\/v2\/product_brand?post=2534"},{"taxonomy":"product_cat","embeddable":true,"href":"https:\/\/imcoleccion.com\/en\/wp-json\/wp\/v2\/product_cat?post=2534"},{"taxonomy":"product_tag","embeddable":true,"href":"https:\/\/imcoleccion.com\/en\/wp-json\/wp\/v2\/product_tag?post=2534"}],"curies":[{"name":"wp","href":"https:\/\/api.w.org\/{rel}","templated":true}]}}