{"id":2436,"date":"2022-04-02T19:10:35","date_gmt":"2022-04-03T01:10:35","guid":{"rendered":"http:\/\/imcoleccion.com\/?post_type=product&#038;p=2436"},"modified":"2023-12-31T12:10:02","modified_gmt":"2023-12-31T18:10:02","slug":"t-shirt-negra-physique-olympia","status":"publish","type":"product","link":"https:\/\/imcoleccion.com\/en\/product\/t-shirt-negra-physique-olympia\/","title":{"rendered":"T-SHIRT NEGRA PHYSIQUE OLYMPIA"},"content":{"rendered":"<p>Esta playera es un dise\u00f1o \u00fanico, donde quiero impregnar un poco de mi filosof\u00eda de vida, la que me a llevado a lograr una carrera exitosa, y estoy contento por poder compartirla con ustedes.<\/p>\n<p>Composici\u00f3n<br \/>\n90% Algod\u00f3n 10% poli\u00e9ster<br \/>\nEste tipo de playera la puedes usar con unos simples jeans y lucir\u00e1 perfecta o con un pants o short para tu entrenamiento, si\u00e9ntete motivado y c\u00f3modo.<br \/>\nModelo<br \/>\nEstatura 1.7m<br \/>\nPeso 90kg =198 lb<br \/>\nTalla en la fotograf\u00eda Mediana<\/p>","protected":false},"excerpt":{"rendered":"<p>Esta playera es un dise\u00f1o \u00fanico, donde quiero impregnar un poco de mi filosof\u00eda de vida, la que me a llevado a lograr una carrera exitosa, y estoy contento por poder compartirla con ustedes. Composici\u00f3n 90% Algod\u00f3n 10% poli\u00e9ster Este tipo de playera la puedes usar con unos simples jeans y lucir\u00e1 perfecta o con [&hellip;]<\/p>\n","protected":false},"featured_media":2429,"template":"","meta":{"_themeisle_gutenberg_block_has_review":false},"product_brand":[],"product_cat":[19],"product_tag":[],"class_list":{"0":"post-2436","1":"product","2":"type-product","3":"status-publish","4":"has-post-thumbnail","6":"product_cat-playeras","8":"entry","9":"has-media","11":"first","12":"instock","13":"purchasable","14":"product-type-variable","15":"has-product-nav","16":"col","17":"span_1_of_3","18":"owp-content-center","19":"owp-thumbs-layout-horizontal","20":"owp-btn-normal","21":"owp-tabs-layout-horizontal"},"_links":{"self":[{"href":"https:\/\/imcoleccion.com\/en\/wp-json\/wp\/v2\/product\/2436","targetHints":{"allow":["GET"]}}],"collection":[{"href":"https:\/\/imcoleccion.com\/en\/wp-json\/wp\/v2\/product"}],"about":[{"href":"https:\/\/imcoleccion.com\/en\/wp-json\/wp\/v2\/types\/product"}],"wp:featuredmedia":[{"embeddable":true,"href":"https:\/\/imcoleccion.com\/en\/wp-json\/wp\/v2\/media\/2429"}],"wp:attachment":[{"href":"https:\/\/imcoleccion.com\/en\/wp-json\/wp\/v2\/media?parent=2436"}],"wp:term":[{"taxonomy":"product_brand","embeddable":true,"href":"https:\/\/imcoleccion.com\/en\/wp-json\/wp\/v2\/product_brand?post=2436"},{"taxonomy":"product_cat","embeddable":true,"href":"https:\/\/imcoleccion.com\/en\/wp-json\/wp\/v2\/product_cat?post=2436"},{"taxonomy":"product_tag","embeddable":true,"href":"https:\/\/imcoleccion.com\/en\/wp-json\/wp\/v2\/product_tag?post=2436"}],"curies":[{"name":"wp","href":"https:\/\/api.w.org\/{rel}","templated":true}]}}