{"id":1845,"date":"2021-11-05T12:41:18","date_gmt":"2021-11-05T18:41:18","guid":{"rendered":"http:\/\/imcoleccion.com\/?post_type=product&#038;p=1845"},"modified":"2022-05-23T10:57:48","modified_gmt":"2022-05-23T15:57:48","slug":"tank-strong-roja","status":"publish","type":"product","link":"https:\/\/imcoleccion.com\/en\/product\/tank-strong-roja\/","title":{"rendered":"Tank Strong Roja"},"content":{"rendered":"<p>Composici\u00f3n<\/p>\n<p>95% cotton<br \/>\n5% expandex<\/p>\n<p>Si quieres una prenda c\u00f3moda para entrenar o para un d\u00eda casual, debes tener esta Tank top es fresca y ajusta perfecto a todo tipo de cuerpo, dando un est\u00e9tico f\u00edsico con un estilo \u00fanico, la tela \u00fanica deja respirar tu piel dando un toque de confort.<\/p>","protected":false},"excerpt":{"rendered":"<p>Composici\u00f3n<\/p>\n<p>95% cotton<br \/>\n5% expandex<\/p>\n<p>Si quieres una prenda c\u00f3moda para entrenar o para un d\u00eda casual, debes tener esta Tank top es fresca y ajusta perfecto a todo tipo de cuerpo, dando un est\u00e9tico f\u00edsico con un estilo \u00fanico, la tela \u00fanica deja respirar tu piel dando un toque de confort.<\/p>","protected":false},"featured_media":1852,"template":"","meta":{"_themeisle_gutenberg_block_has_review":false},"product_brand":[],"product_cat":[22],"product_tag":[],"class_list":{"0":"post-1845","1":"product","2":"type-product","3":"status-publish","4":"has-post-thumbnail","6":"product_cat-tank-top","8":"entry","9":"has-media","11":"first","12":"outofstock","13":"taxable","14":"shipping-taxable","15":"product-type-variable","16":"has-product-nav","17":"col","18":"span_1_of_3","19":"owp-content-center","20":"owp-thumbs-layout-horizontal","21":"owp-btn-normal","22":"owp-tabs-layout-horizontal"},"_links":{"self":[{"href":"https:\/\/imcoleccion.com\/en\/wp-json\/wp\/v2\/product\/1845","targetHints":{"allow":["GET"]}}],"collection":[{"href":"https:\/\/imcoleccion.com\/en\/wp-json\/wp\/v2\/product"}],"about":[{"href":"https:\/\/imcoleccion.com\/en\/wp-json\/wp\/v2\/types\/product"}],"wp:featuredmedia":[{"embeddable":true,"href":"https:\/\/imcoleccion.com\/en\/wp-json\/wp\/v2\/media\/1852"}],"wp:attachment":[{"href":"https:\/\/imcoleccion.com\/en\/wp-json\/wp\/v2\/media?parent=1845"}],"wp:term":[{"taxonomy":"product_brand","embeddable":true,"href":"https:\/\/imcoleccion.com\/en\/wp-json\/wp\/v2\/product_brand?post=1845"},{"taxonomy":"product_cat","embeddable":true,"href":"https:\/\/imcoleccion.com\/en\/wp-json\/wp\/v2\/product_cat?post=1845"},{"taxonomy":"product_tag","embeddable":true,"href":"https:\/\/imcoleccion.com\/en\/wp-json\/wp\/v2\/product_tag?post=1845"}],"curies":[{"name":"wp","href":"https:\/\/api.w.org\/{rel}","templated":true}]}}