{"id":170,"date":"2021-04-28T05:11:26","date_gmt":"2021-04-28T05:11:26","guid":{"rendered":"http:\/\/imcoleccion.com\/?post_type=product&#038;p=170"},"modified":"2023-09-09T17:02:33","modified_gmt":"2023-09-09T22:02:33","slug":"short-summer-coleccion-negro","status":"publish","type":"product","link":"https:\/\/imcoleccion.com\/en\/product\/short-summer-coleccion-negro\/","title":{"rendered":"Short Summer Colecci\u00f3n Negro"},"content":{"rendered":"<p>Estos short son m\u00e1s que incre\u00edbles te permiten hacer cualquier cosa de forma c\u00f3moda, tiene climatex para absorber el sudor.<br \/>\nLa tela es ligera y suave dando una sensaci\u00f3n c\u00f3moda.<\/p>","protected":false},"excerpt":{"rendered":"<p>Estos short son m\u00e1s que incre\u00edbles te permiten hacer cualquier cosa de forma c\u00f3moda, tiene climatex para absorber el sudor.<br \/>\nLa tela es ligera y suave dando una sensaci\u00f3n c\u00f3moda.<\/p>","protected":false},"featured_media":174,"template":"","meta":{"_themeisle_gutenberg_block_has_review":false},"product_brand":[],"product_cat":[20],"product_tag":[],"class_list":{"0":"post-170","1":"product","2":"type-product","3":"status-publish","4":"has-post-thumbnail","6":"product_cat-shorts","8":"entry","9":"has-media","11":"first","12":"instock","13":"taxable","14":"shipping-taxable","15":"purchasable","16":"product-type-variable","17":"has-product-nav","18":"col","19":"span_1_of_3","20":"owp-content-center","21":"owp-thumbs-layout-horizontal","22":"owp-btn-normal","23":"owp-tabs-layout-horizontal"},"_links":{"self":[{"href":"https:\/\/imcoleccion.com\/en\/wp-json\/wp\/v2\/product\/170","targetHints":{"allow":["GET"]}}],"collection":[{"href":"https:\/\/imcoleccion.com\/en\/wp-json\/wp\/v2\/product"}],"about":[{"href":"https:\/\/imcoleccion.com\/en\/wp-json\/wp\/v2\/types\/product"}],"wp:featuredmedia":[{"embeddable":true,"href":"https:\/\/imcoleccion.com\/en\/wp-json\/wp\/v2\/media\/174"}],"wp:attachment":[{"href":"https:\/\/imcoleccion.com\/en\/wp-json\/wp\/v2\/media?parent=170"}],"wp:term":[{"taxonomy":"product_brand","embeddable":true,"href":"https:\/\/imcoleccion.com\/en\/wp-json\/wp\/v2\/product_brand?post=170"},{"taxonomy":"product_cat","embeddable":true,"href":"https:\/\/imcoleccion.com\/en\/wp-json\/wp\/v2\/product_cat?post=170"},{"taxonomy":"product_tag","embeddable":true,"href":"https:\/\/imcoleccion.com\/en\/wp-json\/wp\/v2\/product_tag?post=170"}],"curies":[{"name":"wp","href":"https:\/\/api.w.org\/{rel}","templated":true}]}}