{"id":476,"date":"2021-05-14T13:07:43","date_gmt":"2021-05-14T18:07:43","guid":{"rendered":"http:\/\/imcoleccion.com\/?page_id=476"},"modified":"2022-08-26T10:54:13","modified_gmt":"2022-08-26T15:54:13","slug":"boxers","status":"publish","type":"page","link":"https:\/\/imcoleccion.com\/en\/boxers\/","title":{"rendered":"Boxers"},"content":{"rendered":"<div data-elementor-type=\"wp-page\" data-elementor-id=\"476\" class=\"elementor elementor-476\">\n\t\t\t\t\t\t<section class=\"elementor-section elementor-top-section elementor-element elementor-element-37cde9ef elementor-section-full_width elementor-section-height-default elementor-section-height-default\" data-id=\"37cde9ef\" data-element_type=\"section\" data-e-type=\"section\">\n\t\t\t\t\t\t<div class=\"elementor-container elementor-column-gap-no\">\n\t\t\t\t\t<div class=\"elementor-column elementor-col-100 elementor-top-column elementor-element elementor-element-2a8ca812\" data-id=\"2a8ca812\" data-element_type=\"column\" data-e-type=\"column\">\n\t\t\t<div class=\"elementor-widget-wrap elementor-element-populated\">\n\t\t\t\t\t\t<div class=\"elementor-element elementor-element-905e7da eael-product-grid-column-4 elementor-widget elementor-widget-eicon-woocommerce\" data-id=\"905e7da\" data-element_type=\"widget\" data-e-type=\"widget\" data-widget_type=\"eicon-woocommerce.default\">\n\t\t\t\t<div class=\"elementor-widget-container\">\n\t\t\t\t\t\n        <div class=\"eael-product-grid eael-product-default masonry\" id=\"eael-product-grid\" data-widget-id=\"905e7da\" data-page-id=\"476\" data-nonce=\"44ec1d94ed\" >\n            <div class=\"woocommerce\">\n                <ul class=\"products eael-post-appender eael-post-appender-905e7da\" data-ssi-desktop=\"no\" data-ssi-tablet=\"no\" data-ssi-mobile=\"no\" data-layout-mode=\"masonry\"><li class=\"entry has-media owp-thumbs-layout-horizontal owp-btn-normal owp-tabs-layout-horizontal has-product-nav product type-product post-413 status-publish first instock product_cat-boxers has-post-thumbnail taxable shipping-taxable purchasable product-type-variable\">\n\t<div class=\"product-inner clr\">\n\t<div class=\"woo-entry-image-swap woo-entry-image clr\">\n\t\t<a href=\"https:\/\/imcoleccion.com\/en\/product\/boxer-summer-azul-1-pza\/\" class=\"woocommerce-LoopProduct-link\"><img fetchpriority=\"high\" decoding=\"async\" width=\"600\" height=\"800\" src=\"https:\/\/imcoleccion.com\/wp-content\/uploads\/2021\/05\/short_azul-600x800.jpg\" class=\"woo-entry-image-main\" alt=\"B\u00f3xer Summer Azul 1 pza\" itemprop=\"image\" \/><img decoding=\"async\" width=\"600\" height=\"800\" src=\"https:\/\/imcoleccion.com\/wp-content\/uploads\/2021\/05\/short_azul_2-600x800.jpg\" class=\"woo-entry-image-secondary\" alt=\"B\u00f3xer Summer Azul 1 pza\" itemprop=\"image\" \/><\/a><a href=\"#\" id=\"product_id_413\" class=\"owp-quick-view\" data-product_id=\"413\" aria-label=\"Quickly preview product B\u00f3xer Summer Azul 1 pza\"><i class=\"icon-eye\" aria-hidden=\"true\" role=\"img\"><\/i> Quick View<\/a>\t<\/div><!-- .woo-entry-image-swap -->\n\n<ul class=\"woo-entry-inner clr\"><li class=\"image-wrap\">\n\t<div class=\"woo-entry-image-swap woo-entry-image clr\">\n\t\t<a href=\"https:\/\/imcoleccion.com\/en\/product\/boxer-summer-azul-1-pza\/\" class=\"woocommerce-LoopProduct-link\"><img fetchpriority=\"high\" decoding=\"async\" width=\"600\" height=\"800\" src=\"https:\/\/imcoleccion.com\/wp-content\/uploads\/2021\/05\/short_azul-600x800.jpg\" class=\"woo-entry-image-main\" alt=\"B\u00f3xer Summer Azul 1 pza\" itemprop=\"image\" \/><img decoding=\"async\" width=\"600\" height=\"800\" src=\"https:\/\/imcoleccion.com\/wp-content\/uploads\/2021\/05\/short_azul_2-600x800.jpg\" class=\"woo-entry-image-secondary\" alt=\"B\u00f3xer Summer Azul 1 pza\" itemprop=\"image\" \/><\/a><a href=\"#\" id=\"product_id_413\" class=\"owp-quick-view\" data-product_id=\"413\" aria-label=\"Quickly preview product B\u00f3xer Summer Azul 1 pza\"><i class=\"icon-eye\" aria-hidden=\"true\" role=\"img\"><\/i> Quick View<\/a>\t<\/div><!-- .woo-entry-image-swap -->\n\n<\/li><li class=\"category\"><a href=\"https:\/\/imcoleccion.com\/en\/product-category\/boxers\/\" rel=\"tag\">Boxers<\/a><\/li><li class=\"title\"><h2><a href=\"https:\/\/imcoleccion.com\/en\/product\/boxer-summer-azul-1-pza\/\">B\u00f3xer Summer Azul 1 pza<\/a><\/h2><\/li><li class=\"price-wrap\">\n\t<span class=\"price\"><span class='wmc-cache-pid' data-wmc_product_id='413'><span class=\"woocommerce-Price-amount amount\"><span class=\"woocommerce-Price-currencySymbol\">&#36;<\/span>349<\/span><\/span><\/span>\n<\/li><li class=\"rating\"><\/li><li class=\"btn-wrap clr\"><a href=\"https:\/\/imcoleccion.com\/en\/product\/boxer-summer-azul-1-pza\/\" aria-describedby=\"woocommerce_loop_add_to_cart_link_describedby_413\" data-quantity=\"1\" class=\"button product_type_variable add_to_cart_button\" data-product_id=\"413\" data-product_sku=\"BSA\" aria-label=\"Select options for \u201cB\u00f3xer Summer Azul 1 pza\u201d\" rel=\"nofollow\" data-no-translation-aria-label=\"\">Buy now<\/a>\t<span id=\"woocommerce_loop_add_to_cart_link_describedby_413\" class=\"screen-reader-text\">\n\t\tThis product has multiple variants. The options may be chosen on the product page\t<\/span>\n<\/li><\/ul><\/div><!-- .product-inner .clr --><\/li>\n<li class=\"entry has-media has-product-nav col span_1_of_3 owp-content-center owp-thumbs-layout-horizontal owp-btn-normal owp-tabs-layout-horizontal product type-product post-439 status-publish instock product_cat-boxers has-post-thumbnail purchasable product-type-variable\">\n\t<div class=\"product-inner clr\">\n\t<div class=\"woo-entry-image-swap woo-entry-image clr\">\n\t\t<a href=\"https:\/\/imcoleccion.com\/en\/product\/boxer-summer-negro-pack-2\/\" class=\"woocommerce-LoopProduct-link\"><img decoding=\"async\" width=\"600\" height=\"800\" src=\"https:\/\/imcoleccion.com\/wp-content\/uploads\/2021\/05\/short_negro2-600x800.jpg\" class=\"woo-entry-image-main\" alt=\"B\u00f3xer Summer Negro Pack 2\" itemprop=\"image\" \/><img loading=\"lazy\" decoding=\"async\" width=\"600\" height=\"800\" src=\"https:\/\/imcoleccion.com\/wp-content\/uploads\/2021\/05\/short_negro-600x800.jpg\" class=\"woo-entry-image-secondary\" alt=\"B\u00f3xer Summer Negro Pack 2\" itemprop=\"image\" \/><\/a><a href=\"#\" id=\"product_id_439\" class=\"owp-quick-view\" data-product_id=\"439\" aria-label=\"Quickly preview product B\u00f3xer Summer Negro Pack 2\"><i class=\"icon-eye\" aria-hidden=\"true\" role=\"img\"><\/i> Quick View<\/a>\t<\/div><!-- .woo-entry-image-swap -->\n\n<ul class=\"woo-entry-inner clr\"><li class=\"image-wrap\">\n\t<div class=\"woo-entry-image-swap woo-entry-image clr\">\n\t\t<a href=\"https:\/\/imcoleccion.com\/en\/product\/boxer-summer-negro-pack-2\/\" class=\"woocommerce-LoopProduct-link\"><img decoding=\"async\" width=\"600\" height=\"800\" src=\"https:\/\/imcoleccion.com\/wp-content\/uploads\/2021\/05\/short_negro2-600x800.jpg\" class=\"woo-entry-image-main\" alt=\"B\u00f3xer Summer Negro Pack 2\" itemprop=\"image\" \/><img loading=\"lazy\" decoding=\"async\" width=\"600\" height=\"800\" src=\"https:\/\/imcoleccion.com\/wp-content\/uploads\/2021\/05\/short_negro-600x800.jpg\" class=\"woo-entry-image-secondary\" alt=\"B\u00f3xer Summer Negro Pack 2\" itemprop=\"image\" \/><\/a><a href=\"#\" id=\"product_id_439\" class=\"owp-quick-view\" data-product_id=\"439\" aria-label=\"Quickly preview product B\u00f3xer Summer Negro Pack 2\"><i class=\"icon-eye\" aria-hidden=\"true\" role=\"img\"><\/i> Quick View<\/a>\t<\/div><!-- .woo-entry-image-swap -->\n\n<\/li><li class=\"category\"><a href=\"https:\/\/imcoleccion.com\/en\/product-category\/boxers\/\" rel=\"tag\">Boxers<\/a><\/li><li class=\"title\"><h2><a href=\"https:\/\/imcoleccion.com\/en\/product\/boxer-summer-negro-pack-2\/\">B\u00f3xer Summer Negro Pack 2<\/a><\/h2><\/li><li class=\"price-wrap\">\n\t<span class=\"price\"><span class='wmc-cache-pid' data-wmc_product_id='439'><span class=\"woocommerce-Price-amount amount\"><span class=\"woocommerce-Price-currencySymbol\">&#36;<\/span>630<\/span><\/span><\/span>\n<\/li><li class=\"rating\"><\/li><li class=\"btn-wrap clr\"><a href=\"https:\/\/imcoleccion.com\/en\/product\/boxer-summer-negro-pack-2\/\" aria-describedby=\"woocommerce_loop_add_to_cart_link_describedby_439\" data-quantity=\"1\" class=\"button product_type_variable add_to_cart_button\" data-product_id=\"439\" data-product_sku=\"BSN2\" aria-label=\"Select options for \u201cB\u00f3xer Summer Negro Pack 2\u201d\" rel=\"nofollow\" data-no-translation-aria-label=\"\">Buy now<\/a>\t<span id=\"woocommerce_loop_add_to_cart_link_describedby_439\" class=\"screen-reader-text\">\n\t\tThis product has multiple variants. The options may be chosen on the product page\t<\/span>\n<\/li><\/ul><\/div><!-- .product-inner .clr --><\/li>\n<li class=\"entry has-media has-product-nav col span_1_of_3 owp-content-center owp-thumbs-layout-horizontal owp-btn-normal owp-tabs-layout-horizontal product type-product post-429 status-publish last instock product_cat-boxers has-post-thumbnail purchasable product-type-variable\">\n\t<div class=\"product-inner clr\">\n\t<div class=\"woo-entry-image-swap woo-entry-image clr\">\n\t\t<a href=\"https:\/\/imcoleccion.com\/en\/product\/boxer-summer-blanco-pack-2\/\" class=\"woocommerce-LoopProduct-link\"><img loading=\"lazy\" decoding=\"async\" width=\"600\" height=\"800\" src=\"https:\/\/imcoleccion.com\/wp-content\/uploads\/2021\/05\/short_blanco-600x800.jpg\" class=\"woo-entry-image-main\" alt=\"B\u00f3xer Summer Blanco Pack 2\" itemprop=\"image\" \/><img loading=\"lazy\" decoding=\"async\" width=\"600\" height=\"800\" src=\"https:\/\/imcoleccion.com\/wp-content\/uploads\/2021\/05\/playera_gris_v2-600x800.jpg\" class=\"woo-entry-image-secondary\" alt=\"B\u00f3xer Summer Blanco Pack 2\" itemprop=\"image\" \/><\/a><a href=\"#\" id=\"product_id_429\" class=\"owp-quick-view\" data-product_id=\"429\" aria-label=\"Quickly preview product B\u00f3xer Summer Blanco Pack 2\"><i class=\"icon-eye\" aria-hidden=\"true\" role=\"img\"><\/i> Quick View<\/a>\t<\/div><!-- .woo-entry-image-swap -->\n\n<ul class=\"woo-entry-inner clr\"><li class=\"image-wrap\">\n\t<div class=\"woo-entry-image-swap woo-entry-image clr\">\n\t\t<a href=\"https:\/\/imcoleccion.com\/en\/product\/boxer-summer-blanco-pack-2\/\" class=\"woocommerce-LoopProduct-link\"><img loading=\"lazy\" decoding=\"async\" width=\"600\" height=\"800\" src=\"https:\/\/imcoleccion.com\/wp-content\/uploads\/2021\/05\/short_blanco-600x800.jpg\" class=\"woo-entry-image-main\" alt=\"B\u00f3xer Summer Blanco Pack 2\" itemprop=\"image\" \/><img loading=\"lazy\" decoding=\"async\" width=\"600\" height=\"800\" src=\"https:\/\/imcoleccion.com\/wp-content\/uploads\/2021\/05\/playera_gris_v2-600x800.jpg\" class=\"woo-entry-image-secondary\" alt=\"B\u00f3xer Summer Blanco Pack 2\" itemprop=\"image\" \/><\/a><a href=\"#\" id=\"product_id_429\" class=\"owp-quick-view\" data-product_id=\"429\" aria-label=\"Quickly preview product B\u00f3xer Summer Blanco Pack 2\"><i class=\"icon-eye\" aria-hidden=\"true\" role=\"img\"><\/i> Quick View<\/a>\t<\/div><!-- .woo-entry-image-swap -->\n\n<\/li><li class=\"category\"><a href=\"https:\/\/imcoleccion.com\/en\/product-category\/boxers\/\" rel=\"tag\">Boxers<\/a><\/li><li class=\"title\"><h2><a href=\"https:\/\/imcoleccion.com\/en\/product\/boxer-summer-blanco-pack-2\/\">B\u00f3xer Summer Blanco Pack 2<\/a><\/h2><\/li><li class=\"price-wrap\">\n\t<span class=\"price\"><span class='wmc-cache-pid' data-wmc_product_id='429'><span class=\"woocommerce-Price-amount amount\"><span class=\"woocommerce-Price-currencySymbol\">&#36;<\/span>630<\/span><\/span><\/span>\n<\/li><li class=\"rating\"><\/li><li class=\"btn-wrap clr\"><a href=\"https:\/\/imcoleccion.com\/en\/product\/boxer-summer-blanco-pack-2\/\" aria-describedby=\"woocommerce_loop_add_to_cart_link_describedby_429\" data-quantity=\"1\" class=\"button product_type_variable add_to_cart_button\" data-product_id=\"429\" data-product_sku=\"BSB2\" aria-label=\"Select options for \u201cB\u00f3xer Summer Blanco Pack 2\u201d\" rel=\"nofollow\" data-no-translation-aria-label=\"\">Buy now<\/a>\t<span id=\"woocommerce_loop_add_to_cart_link_describedby_429\" class=\"screen-reader-text\">\n\t\tThis product has multiple variants. The options may be chosen on the product page\t<\/span>\n<\/li><\/ul><\/div><!-- .product-inner .clr --><\/li>\n<li class=\"entry has-media has-product-nav col span_1_of_3 owp-content-center owp-thumbs-layout-horizontal owp-btn-normal owp-tabs-layout-horizontal product type-product post-419 status-publish first instock product_cat-boxers has-post-thumbnail purchasable product-type-variable\">\n\t<div class=\"product-inner clr\">\n\t<div class=\"woo-entry-image-swap woo-entry-image clr\">\n\t\t<a href=\"https:\/\/imcoleccion.com\/en\/product\/boxer-summer-azul-pack-2\/\" class=\"woocommerce-LoopProduct-link\"><img loading=\"lazy\" decoding=\"async\" width=\"600\" height=\"800\" src=\"https:\/\/imcoleccion.com\/wp-content\/uploads\/2021\/05\/short_azul-600x800.jpg\" class=\"woo-entry-image-main\" alt=\"B\u00f3xer Summer Azul Pack 2\" itemprop=\"image\" \/><img loading=\"lazy\" decoding=\"async\" width=\"600\" height=\"800\" src=\"https:\/\/imcoleccion.com\/wp-content\/uploads\/2021\/05\/short_azul_2-600x800.jpg\" class=\"woo-entry-image-secondary\" alt=\"B\u00f3xer Summer Azul Pack 2\" itemprop=\"image\" \/><\/a><a href=\"#\" id=\"product_id_419\" class=\"owp-quick-view\" data-product_id=\"419\" aria-label=\"Quickly preview product B\u00f3xer Summer Azul Pack 2\"><i class=\"icon-eye\" aria-hidden=\"true\" role=\"img\"><\/i> Quick View<\/a>\t<\/div><!-- .woo-entry-image-swap -->\n\n<ul class=\"woo-entry-inner clr\"><li class=\"image-wrap\">\n\t<div class=\"woo-entry-image-swap woo-entry-image clr\">\n\t\t<a href=\"https:\/\/imcoleccion.com\/en\/product\/boxer-summer-azul-pack-2\/\" class=\"woocommerce-LoopProduct-link\"><img loading=\"lazy\" decoding=\"async\" width=\"600\" height=\"800\" src=\"https:\/\/imcoleccion.com\/wp-content\/uploads\/2021\/05\/short_azul-600x800.jpg\" class=\"woo-entry-image-main\" alt=\"B\u00f3xer Summer Azul Pack 2\" itemprop=\"image\" \/><img loading=\"lazy\" decoding=\"async\" width=\"600\" height=\"800\" src=\"https:\/\/imcoleccion.com\/wp-content\/uploads\/2021\/05\/short_azul_2-600x800.jpg\" class=\"woo-entry-image-secondary\" alt=\"B\u00f3xer Summer Azul Pack 2\" itemprop=\"image\" \/><\/a><a href=\"#\" id=\"product_id_419\" class=\"owp-quick-view\" data-product_id=\"419\" aria-label=\"Quickly preview product B\u00f3xer Summer Azul Pack 2\"><i class=\"icon-eye\" aria-hidden=\"true\" role=\"img\"><\/i> Quick View<\/a>\t<\/div><!-- .woo-entry-image-swap -->\n\n<\/li><li class=\"category\"><a href=\"https:\/\/imcoleccion.com\/en\/product-category\/boxers\/\" rel=\"tag\">Boxers<\/a><\/li><li class=\"title\"><h2><a href=\"https:\/\/imcoleccion.com\/en\/product\/boxer-summer-azul-pack-2\/\">B\u00f3xer Summer Azul Pack 2<\/a><\/h2><\/li><li class=\"price-wrap\">\n\t<span class=\"price\"><span class='wmc-cache-pid' data-wmc_product_id='419'><span class=\"woocommerce-Price-amount amount\"><span class=\"woocommerce-Price-currencySymbol\">&#36;<\/span>630<\/span><\/span><\/span>\n<\/li><li class=\"rating\"><\/li><li class=\"btn-wrap clr\"><a href=\"https:\/\/imcoleccion.com\/en\/product\/boxer-summer-azul-pack-2\/\" aria-describedby=\"woocommerce_loop_add_to_cart_link_describedby_419\" data-quantity=\"1\" class=\"button product_type_variable add_to_cart_button\" data-product_id=\"419\" data-product_sku=\"BSA2\" aria-label=\"Select options for \u201cB\u00f3xer Summer Azul Pack 2\u201d\" rel=\"nofollow\" data-no-translation-aria-label=\"\">Buy now<\/a>\t<span id=\"woocommerce_loop_add_to_cart_link_describedby_419\" class=\"screen-reader-text\">\n\t\tThis product has multiple variants. The options may be chosen on the product page\t<\/span>\n<\/li><\/ul><\/div><!-- .product-inner .clr --><\/li>\n<li class=\"entry has-media has-product-nav col span_1_of_3 owp-content-center owp-thumbs-layout-horizontal owp-btn-normal owp-tabs-layout-horizontal product type-product post-433 status-publish instock product_cat-boxers has-post-thumbnail purchasable product-type-variable\">\n\t<div class=\"product-inner clr\">\n\t<div class=\"woo-entry-image-swap woo-entry-image clr\">\n\t\t<a href=\"https:\/\/imcoleccion.com\/en\/product\/boxer-summer-negro-1-pza\/\" class=\"woocommerce-LoopProduct-link\"><img loading=\"lazy\" decoding=\"async\" width=\"600\" height=\"800\" src=\"https:\/\/imcoleccion.com\/wp-content\/uploads\/2021\/05\/short_negro2-600x800.jpg\" class=\"woo-entry-image-main\" alt=\"B\u00f3xer Summer Negro 1 pza\" itemprop=\"image\" \/><img loading=\"lazy\" decoding=\"async\" width=\"600\" height=\"800\" src=\"https:\/\/imcoleccion.com\/wp-content\/uploads\/2021\/05\/short_negro-600x800.jpg\" class=\"woo-entry-image-secondary\" alt=\"B\u00f3xer Summer Negro 1 pza\" itemprop=\"image\" \/><\/a><a href=\"#\" id=\"product_id_433\" class=\"owp-quick-view\" data-product_id=\"433\" aria-label=\"Quickly preview product B\u00f3xer Summer Negro 1 pza\"><i class=\"icon-eye\" aria-hidden=\"true\" role=\"img\"><\/i> Quick View<\/a>\t<\/div><!-- .woo-entry-image-swap -->\n\n<ul class=\"woo-entry-inner clr\"><li class=\"image-wrap\">\n\t<div class=\"woo-entry-image-swap woo-entry-image clr\">\n\t\t<a href=\"https:\/\/imcoleccion.com\/en\/product\/boxer-summer-negro-1-pza\/\" class=\"woocommerce-LoopProduct-link\"><img loading=\"lazy\" decoding=\"async\" width=\"600\" height=\"800\" src=\"https:\/\/imcoleccion.com\/wp-content\/uploads\/2021\/05\/short_negro2-600x800.jpg\" class=\"woo-entry-image-main\" alt=\"B\u00f3xer Summer Negro 1 pza\" itemprop=\"image\" \/><img loading=\"lazy\" decoding=\"async\" width=\"600\" height=\"800\" src=\"https:\/\/imcoleccion.com\/wp-content\/uploads\/2021\/05\/short_negro-600x800.jpg\" class=\"woo-entry-image-secondary\" alt=\"B\u00f3xer Summer Negro 1 pza\" itemprop=\"image\" \/><\/a><a href=\"#\" id=\"product_id_433\" class=\"owp-quick-view\" data-product_id=\"433\" aria-label=\"Quickly preview product B\u00f3xer Summer Negro 1 pza\"><i class=\"icon-eye\" aria-hidden=\"true\" role=\"img\"><\/i> Quick View<\/a>\t<\/div><!-- .woo-entry-image-swap -->\n\n<\/li><li class=\"category\"><a href=\"https:\/\/imcoleccion.com\/en\/product-category\/boxers\/\" rel=\"tag\">Boxers<\/a><\/li><li class=\"title\"><h2><a href=\"https:\/\/imcoleccion.com\/en\/product\/boxer-summer-negro-1-pza\/\">B\u00f3xer Summer Negro 1 pza<\/a><\/h2><\/li><li class=\"price-wrap\">\n\t<span class=\"price\"><span class='wmc-cache-pid' data-wmc_product_id='433'><span class=\"woocommerce-Price-amount amount\"><span class=\"woocommerce-Price-currencySymbol\">&#36;<\/span>349<\/span><\/span><\/span>\n<\/li><li class=\"rating\"><\/li><li class=\"btn-wrap clr\"><a href=\"https:\/\/imcoleccion.com\/en\/product\/boxer-summer-negro-1-pza\/\" aria-describedby=\"woocommerce_loop_add_to_cart_link_describedby_433\" data-quantity=\"1\" class=\"button product_type_variable add_to_cart_button\" data-product_id=\"433\" data-product_sku=\"BSN\" aria-label=\"Select options for \u201cB\u00f3xer Summer Negro 1 pza\u201d\" rel=\"nofollow\" data-no-translation-aria-label=\"\">Buy now<\/a>\t<span id=\"woocommerce_loop_add_to_cart_link_describedby_433\" class=\"screen-reader-text\">\n\t\tThis product has multiple variants. The options may be chosen on the product page\t<\/span>\n<\/li><\/ul><\/div><!-- .product-inner .clr --><\/li>\n<li class=\"entry has-media has-product-nav col span_1_of_3 owp-content-center owp-thumbs-layout-horizontal owp-btn-normal owp-tabs-layout-horizontal product type-product post-423 status-publish last instock product_cat-boxers has-post-thumbnail purchasable product-type-variable\">\n\t<div class=\"product-inner clr\">\n\t<div class=\"woo-entry-image-swap woo-entry-image clr\">\n\t\t<a href=\"https:\/\/imcoleccion.com\/en\/product\/boxer-summer-blanco-1-pza\/\" class=\"woocommerce-LoopProduct-link\"><img loading=\"lazy\" decoding=\"async\" width=\"600\" height=\"800\" src=\"https:\/\/imcoleccion.com\/wp-content\/uploads\/2021\/05\/short_blanco-600x800.jpg\" class=\"woo-entry-image-main\" alt=\"B\u00f3xer Summer Blanco 1 pza\" itemprop=\"image\" \/><img loading=\"lazy\" decoding=\"async\" width=\"600\" height=\"800\" src=\"https:\/\/imcoleccion.com\/wp-content\/uploads\/2021\/05\/playera_gris_v2-600x800.jpg\" class=\"woo-entry-image-secondary\" alt=\"B\u00f3xer Summer Blanco 1 pza\" itemprop=\"image\" \/><\/a><a href=\"#\" id=\"product_id_423\" class=\"owp-quick-view\" data-product_id=\"423\" aria-label=\"Quickly preview product B\u00f3xer Summer Blanco 1 pza\"><i class=\"icon-eye\" aria-hidden=\"true\" role=\"img\"><\/i> Quick View<\/a>\t<\/div><!-- .woo-entry-image-swap -->\n\n<ul class=\"woo-entry-inner clr\"><li class=\"image-wrap\">\n\t<div class=\"woo-entry-image-swap woo-entry-image clr\">\n\t\t<a href=\"https:\/\/imcoleccion.com\/en\/product\/boxer-summer-blanco-1-pza\/\" class=\"woocommerce-LoopProduct-link\"><img loading=\"lazy\" decoding=\"async\" width=\"600\" height=\"800\" src=\"https:\/\/imcoleccion.com\/wp-content\/uploads\/2021\/05\/short_blanco-600x800.jpg\" class=\"woo-entry-image-main\" alt=\"B\u00f3xer Summer Blanco 1 pza\" itemprop=\"image\" \/><img loading=\"lazy\" decoding=\"async\" width=\"600\" height=\"800\" src=\"https:\/\/imcoleccion.com\/wp-content\/uploads\/2021\/05\/playera_gris_v2-600x800.jpg\" class=\"woo-entry-image-secondary\" alt=\"B\u00f3xer Summer Blanco 1 pza\" itemprop=\"image\" \/><\/a><a href=\"#\" id=\"product_id_423\" class=\"owp-quick-view\" data-product_id=\"423\" aria-label=\"Quickly preview product B\u00f3xer Summer Blanco 1 pza\"><i class=\"icon-eye\" aria-hidden=\"true\" role=\"img\"><\/i> Quick View<\/a>\t<\/div><!-- .woo-entry-image-swap -->\n\n<\/li><li class=\"category\"><a href=\"https:\/\/imcoleccion.com\/en\/product-category\/boxers\/\" rel=\"tag\">Boxers<\/a><\/li><li class=\"title\"><h2><a href=\"https:\/\/imcoleccion.com\/en\/product\/boxer-summer-blanco-1-pza\/\">B\u00f3xer Summer Blanco 1 pza<\/a><\/h2><\/li><li class=\"price-wrap\">\n\t<span class=\"price\"><span class='wmc-cache-pid' data-wmc_product_id='423'><span class=\"woocommerce-Price-amount amount\"><span class=\"woocommerce-Price-currencySymbol\">&#36;<\/span>349<\/span><\/span><\/span>\n<\/li><li class=\"rating\"><\/li><li class=\"btn-wrap clr\"><a href=\"https:\/\/imcoleccion.com\/en\/product\/boxer-summer-blanco-1-pza\/\" aria-describedby=\"woocommerce_loop_add_to_cart_link_describedby_423\" data-quantity=\"1\" class=\"button product_type_variable add_to_cart_button\" data-product_id=\"423\" data-product_sku=\"BSB\" aria-label=\"Select options for \u201cB\u00f3xer Summer Blanco 1 pza\u201d\" rel=\"nofollow\" data-no-translation-aria-label=\"\">Buy now<\/a>\t<span id=\"woocommerce_loop_add_to_cart_link_describedby_423\" class=\"screen-reader-text\">\n\t\tThis product has multiple variants. The options may be chosen on the product page\t<\/span>\n<\/li><\/ul><\/div><!-- .product-inner .clr --><\/li>\n<\/ul>            <\/div>\n        <\/div>\n\n        <script type=\"text\/javascript\">\n            jQuery(document).ready(function($) {\n                var $scope = jQuery(\".elementor-element-905e7da\");\n                var $products = $('.products', $scope);\n                var $layout_mode = $products.data('layout-mode');\n                \n                if ( $layout_mode === 'masonry' ) {\n                    \/\/ init isotope\n                    var $isotope_products = $products.isotope({\n                        itemSelector: \"li.product\",\n                        layoutMode: $layout_mode,\n                        percentPosition: true\n                    });\n\n                    $isotope_products.imagesLoaded().progress( function() {\n                        $isotope_products.isotope('layout');\n                    })\n                    \n                }\n            });\n        <\/script>\n        \t\t\t\t<\/div>\n\t\t\t\t<\/div>\n\t\t\t\t\t<\/div>\n\t\t<\/div>\n\t\t\t\t\t<\/div>\n\t\t<\/section>\n\t\t\t\t<\/div>","protected":false},"excerpt":{"rendered":"<p>-33% B\u00f3xer Summer Blanco Pack 2 &#36;630 &#36;420 Comprar ahora -33% B\u00f3xer Summer Azul Pack 2 &#36;630 &#36;420 Comprar ahora -28% B\u00f3xer Summer Azul 1 pza &#36;349 &#36;250 Comprar ahora -33% B\u00f3xer Summer Negro Pack 2 &#36;630 &#36;420 Comprar ahora -28% B\u00f3xer Summer Negro 1 pza &#36;349 &#36;250 Comprar ahora -28% B\u00f3xer Summer Blanco 1 [&hellip;]<\/p>\n","protected":false},"author":1,"featured_media":0,"parent":0,"menu_order":0,"comment_status":"closed","ping_status":"closed","template":"elementor_header_footer","meta":{"_themeisle_gutenberg_block_has_review":false,"footnotes":""},"class_list":["post-476","page","type-page","status-publish","hentry","entry","has-media","has-product-nav","col","span_1_of_3","owp-content-center","owp-thumbs-layout-horizontal","owp-btn-normal","owp-tabs-layout-horizontal"],"_links":{"self":[{"href":"https:\/\/imcoleccion.com\/en\/wp-json\/wp\/v2\/pages\/476","targetHints":{"allow":["GET"]}}],"collection":[{"href":"https:\/\/imcoleccion.com\/en\/wp-json\/wp\/v2\/pages"}],"about":[{"href":"https:\/\/imcoleccion.com\/en\/wp-json\/wp\/v2\/types\/page"}],"author":[{"embeddable":true,"href":"https:\/\/imcoleccion.com\/en\/wp-json\/wp\/v2\/users\/1"}],"replies":[{"embeddable":true,"href":"https:\/\/imcoleccion.com\/en\/wp-json\/wp\/v2\/comments?post=476"}],"version-history":[{"count":18,"href":"https:\/\/imcoleccion.com\/en\/wp-json\/wp\/v2\/pages\/476\/revisions"}],"predecessor-version":[{"id":735,"href":"https:\/\/imcoleccion.com\/en\/wp-json\/wp\/v2\/pages\/476\/revisions\/735"}],"wp:attachment":[{"href":"https:\/\/imcoleccion.com\/en\/wp-json\/wp\/v2\/media?parent=476"}],"curies":[{"name":"wp","href":"https:\/\/api.w.org\/{rel}","templated":true}]}}